{"id":100,"date":"2025-09-16T19:50:54","date_gmt":"2025-09-16T17:50:54","guid":{"rendered":"https:\/\/eventtech.olsztyn.pl\/?page_id=100"},"modified":"2025-10-19T20:38:42","modified_gmt":"2025-10-19T18:38:42","slug":"kontakt","status":"publish","type":"page","link":"https:\/\/eventtech.olsztyn.pl\/?page_id=100","title":{"rendered":"Kontakt"},"content":{"rendered":"\t\t<div data-elementor-type=\"wp-page\" data-elementor-id=\"100\" class=\"elementor elementor-100\">\n\t\t\t\t<div class=\"elementor-element elementor-element-74aed39 e-flex e-con-boxed wpr-particle-no wpr-jarallax-no wpr-parallax-no wpr-sticky-section-no e-con e-parent\" data-id=\"74aed39\" data-element_type=\"container\" data-e-type=\"container\">\n\t\t\t\t\t<div class=\"e-con-inner\">\n\t\t\t\t<div class=\"elementor-element elementor-element-8755de0 elementor-widget elementor-widget-link-in-bio\" data-id=\"8755de0\" data-element_type=\"widget\" data-e-type=\"widget\" data-widget_type=\"link-in-bio.default\">\n\t\t\t\t<div class=\"elementor-widget-container\">\n\t\t\t\t\t\t\t<div class=\"e-link-in-bio e-link-in-bio\">\n\t\t\t<div class=\"e-link-in-bio__content\">\n\n\t\t\t\t\t\t<div class=\"e-link-in-bio__identity\">\n\t\t\t\t\t\t\t\t\t<div class=\"e-link-in-bio__identity-image e-link-in-bio__identity-image-profile has-style-circle\">\n\t\t\t\t\t\t\t<img fetchpriority=\"high\" decoding=\"async\" width=\"300\" height=\"300\" src=\"https:\/\/eventtech.olsztyn.pl\/wp-content\/uploads\/2025\/09\/460250683_882155810519639_5096702887622927890_n-300x300.jpg\" class=\"e-link-in-bio__identity-image-element\" alt=\"\" srcset=\"https:\/\/eventtech.olsztyn.pl\/wp-content\/uploads\/2025\/09\/460250683_882155810519639_5096702887622927890_n-300x300.jpg 300w, https:\/\/eventtech.olsztyn.pl\/wp-content\/uploads\/2025\/09\/460250683_882155810519639_5096702887622927890_n-1024x1024.jpg 1024w, https:\/\/eventtech.olsztyn.pl\/wp-content\/uploads\/2025\/09\/460250683_882155810519639_5096702887622927890_n-150x150.jpg 150w, https:\/\/eventtech.olsztyn.pl\/wp-content\/uploads\/2025\/09\/460250683_882155810519639_5096702887622927890_n-768x768.jpg 768w, https:\/\/eventtech.olsztyn.pl\/wp-content\/uploads\/2025\/09\/460250683_882155810519639_5096702887622927890_n-1536x1536.jpg 1536w, https:\/\/eventtech.olsztyn.pl\/wp-content\/uploads\/2025\/09\/460250683_882155810519639_5096702887622927890_n.jpg 2048w\" sizes=\"(max-width: 300px) 100vw, 300px\" \/>\t\t\t\t\t\t\t\t\t\t\t\t\t<\/div>\n\t\t\t\t\t\t\t<\/div>\n\t\t\t\t\t<div class=\"e-link-in-bio__bio\">\n\t\t\t\t<h2 class=\"e-link-in-bio__heading\">Mateusz Jasko<\/h2>\t\t\t\t<h3 class=\"e-link-in-bio__title\">Mened\u017cer finansowy<\/h3>\t\t\t\t\t\t\t\t<p class=\"e-link-in-bio__description\">Realizator d\u017awi\u0119ku, realizator transmisji na \u017cywo oraz VDJ<\/p>\t\t\t<\/div>\n\t\t\t\t\t<div class=\"e-link-in-bio__icons has-size-small\">\n\t\t\t\t\t\t\t<div class=\"e-link-in-bio__icon is-size-small\">\n\t\t\t\t\t<a href=\"https:\/\/www.facebook.com\/mateuszjasko.pv\/\" target=\"_blank\" rel=\"noopener \" aria-label=\"Facebook\" class=\"e-link-in-bio__icon-link\">\n\t\t\t\t\t\t<span class=\"e-link-in-bio__icon-svg\">\n\t\t\t\t\t\t\t<svg aria-hidden=\"true\" class=\"e-font-icon-svg e-fab-facebook\" viewBox=\"0 0 512 512\" xmlns=\"http:\/\/www.w3.org\/2000\/svg\"><path d=\"M504 256C504 119 393 8 256 8S8 119 8 256c0 123.78 90.69 226.38 209.25 245V327.69h-63V256h63v-54.64c0-62.15 37-96.48 93.67-96.48 27.14 0 55.52 4.84 55.52 4.84v61h-31.28c-30.8 0-40.41 19.12-40.41 38.73V256h68.78l-11 71.69h-57.78V501C413.31 482.38 504 379.78 504 256z\"><\/path><\/svg>\t\t\t\t\t\t<\/span>\n\t\t\t\t\t\t\t\t\t\t\t<\/a>\n\t\t\t\t<\/div>\n\t\t\t\t\t<\/div>\n\t\t\n\t\t<div class=\"e-link-in-bio__ctas has-type-link\">\n\t\t\t\t\t\t\t<a class=\"e-link-in-bio__cta is-type-link\" href=\"mailto:kontakt@eventtech.olsztyn.pl\">\n\t\t\t\t\t\t\t\t\t\t<span class=\"e-link-in-bio__cta-text\">\n\t\t\t\t\t\tkontakt@eventtech.olsztyn.pl\t\t\t\t\t<\/span>\n\t\t\t\t<\/a>\n\t\t\t\t\t\t\t<a target=\"_blank\" rel=\"noopener \" class=\"e-link-in-bio__cta is-type-link\" href=\"\">\n\t\t\t\t\t\t\t\t\t\t<span class=\"e-link-in-bio__cta-text\">\n\t\t\t\t\t\ttel. 793 389 750\t\t\t\t\t<\/span>\n\t\t\t\t<\/a>\n\t\t\t\t\t<\/div>\n\t\t\n\t\t\t<\/div>\n\t\t\t<div class=\"e-link-in-bio__bg\">\n\t\t\t\t<div class=\"e-link-in-bio__bg-overlay\"><\/div>\n\t\t\t<\/div>\n\t\t<\/div>\n\t\t\t\t\t\t<\/div>\n\t\t\t\t<\/div>\n\t\t\t\t\t<\/div>\n\t\t\t\t<\/div>\n\t\t<div class=\"elementor-element elementor-element-232d127 e-flex e-con-boxed wpr-particle-no wpr-jarallax-no wpr-parallax-no wpr-sticky-section-no e-con e-parent\" data-id=\"232d127\" data-element_type=\"container\" data-e-type=\"container\">\n\t\t\t\t\t<div class=\"e-con-inner\">\n\t\t\t\t<div class=\"elementor-element elementor-element-496a99c elementor-widget elementor-widget-spacer\" data-id=\"496a99c\" data-element_type=\"widget\" data-e-type=\"widget\" data-widget_type=\"spacer.default\">\n\t\t\t\t\t\t\t<div class=\"elementor-spacer\">\n\t\t\t<div class=\"elementor-spacer-inner\"><\/div>\n\t\t<\/div>\n\t\t\t\t\t\t<\/div>\n\t\t\t\t\t<\/div>\n\t\t\t\t<\/div>\n\t\t\t\t<\/div>\n\t\t","protected":false},"excerpt":{"rendered":"<p>Mateusz Jasko Mened\u017cer finansowy Realizator d\u017awi\u0119ku, realizator transmisji na \u017cywo oraz VDJ kontakt@eventtech.olsztyn.pl tel. 793 389 750<\/p>\n","protected":false},"author":1,"featured_media":0,"parent":0,"menu_order":0,"comment_status":"closed","ping_status":"closed","template":"elementor_header_footer","meta":{"_vp_format_video_url":"","_vp_image_focal_point":[],"footnotes":""},"class_list":["post-100","page","type-page","status-publish"],"yoast_head":"<!-- This site is optimized with the Yoast SEO plugin v27.2 - https:\/\/yoast.com\/product\/yoast-seo-wordpress\/ -->\n<title>Kontakt - EventTech Olsztyn<\/title>\n<meta name=\"robots\" content=\"index, follow, max-snippet:-1, max-image-preview:large, max-video-preview:-1\" \/>\n<link rel=\"canonical\" href=\"https:\/\/eventtech.olsztyn.pl\/?page_id=100\" \/>\n<meta property=\"og:locale\" content=\"pl_PL\" \/>\n<meta property=\"og:type\" content=\"article\" \/>\n<meta property=\"og:title\" content=\"Kontakt - EventTech Olsztyn\" \/>\n<meta property=\"og:description\" content=\"Mateusz Jasko Mened\u017cer finansowy Realizator d\u017awi\u0119ku, realizator transmisji na \u017cywo oraz VDJ kontakt@eventtech.olsztyn.pl tel. 793 389 750\" \/>\n<meta property=\"og:url\" content=\"https:\/\/eventtech.olsztyn.pl\/?page_id=100\" \/>\n<meta property=\"og:site_name\" content=\"EventTech Olsztyn\" \/>\n<meta property=\"article:publisher\" content=\"https:\/\/www.facebook.com\/eventtech.olsztyn\" \/>\n<meta property=\"article:modified_time\" content=\"2025-10-19T18:38:42+00:00\" \/>\n<meta property=\"og:image\" content=\"https:\/\/eventtech.olsztyn.pl\/wp-content\/uploads\/2025\/09\/460250683_882155810519639_5096702887622927890_n-300x300.jpg\" \/>\n<meta name=\"twitter:card\" content=\"summary_large_image\" \/>\n<script type=\"application\/ld+json\" class=\"yoast-schema-graph\">{\"@context\":\"https:\/\/schema.org\",\"@graph\":[{\"@type\":\"WebPage\",\"@id\":\"https:\/\/eventtech.olsztyn.pl\/?page_id=100\",\"url\":\"https:\/\/eventtech.olsztyn.pl\/?page_id=100\",\"name\":\"Kontakt - EventTech Olsztyn\",\"isPartOf\":{\"@id\":\"https:\/\/eventtech.olsztyn.pl\/#website\"},\"primaryImageOfPage\":{\"@id\":\"https:\/\/eventtech.olsztyn.pl\/?page_id=100#primaryimage\"},\"image\":{\"@id\":\"https:\/\/eventtech.olsztyn.pl\/?page_id=100#primaryimage\"},\"thumbnailUrl\":\"https:\/\/eventtech.olsztyn.pl\/wp-content\/uploads\/2025\/09\/460250683_882155810519639_5096702887622927890_n-300x300.jpg\",\"datePublished\":\"2025-09-16T17:50:54+00:00\",\"dateModified\":\"2025-10-19T18:38:42+00:00\",\"breadcrumb\":{\"@id\":\"https:\/\/eventtech.olsztyn.pl\/?page_id=100#breadcrumb\"},\"inLanguage\":\"pl-PL\",\"potentialAction\":[{\"@type\":\"ReadAction\",\"target\":[\"https:\/\/eventtech.olsztyn.pl\/?page_id=100\"]}]},{\"@type\":\"ImageObject\",\"inLanguage\":\"pl-PL\",\"@id\":\"https:\/\/eventtech.olsztyn.pl\/?page_id=100#primaryimage\",\"url\":\"https:\/\/eventtech.olsztyn.pl\/wp-content\/uploads\/2025\/09\/460250683_882155810519639_5096702887622927890_n.jpg\",\"contentUrl\":\"https:\/\/eventtech.olsztyn.pl\/wp-content\/uploads\/2025\/09\/460250683_882155810519639_5096702887622927890_n.jpg\",\"width\":2048,\"height\":2048},{\"@type\":\"BreadcrumbList\",\"@id\":\"https:\/\/eventtech.olsztyn.pl\/?page_id=100#breadcrumb\",\"itemListElement\":[{\"@type\":\"ListItem\",\"position\":1,\"name\":\"Strona g\u0142\u00f3wna\",\"item\":\"https:\/\/eventtech.olsztyn.pl\/\"},{\"@type\":\"ListItem\",\"position\":2,\"name\":\"Kontakt\"}]},{\"@type\":\"WebSite\",\"@id\":\"https:\/\/eventtech.olsztyn.pl\/#website\",\"url\":\"https:\/\/eventtech.olsztyn.pl\/\",\"name\":\"EventTech Olsztyn\",\"description\":\"Olsztyn\",\"publisher\":{\"@id\":\"https:\/\/eventtech.olsztyn.pl\/#organization\"},\"potentialAction\":[{\"@type\":\"SearchAction\",\"target\":{\"@type\":\"EntryPoint\",\"urlTemplate\":\"https:\/\/eventtech.olsztyn.pl\/?s={search_term_string}\"},\"query-input\":{\"@type\":\"PropertyValueSpecification\",\"valueRequired\":true,\"valueName\":\"search_term_string\"}}],\"inLanguage\":\"pl-PL\"},{\"@type\":\"Organization\",\"@id\":\"https:\/\/eventtech.olsztyn.pl\/#organization\",\"name\":\"EventTech Olsztyn\",\"url\":\"https:\/\/eventtech.olsztyn.pl\/\",\"logo\":{\"@type\":\"ImageObject\",\"inLanguage\":\"pl-PL\",\"@id\":\"https:\/\/eventtech.olsztyn.pl\/#\/schema\/logo\/image\/\",\"url\":\"https:\/\/eventtech.olsztyn.pl\/wp-content\/uploads\/2025\/09\/EventTech_logo_biale-1.png\",\"contentUrl\":\"https:\/\/eventtech.olsztyn.pl\/wp-content\/uploads\/2025\/09\/EventTech_logo_biale-1.png\",\"width\":1187,\"height\":1187,\"caption\":\"EventTech Olsztyn\"},\"image\":{\"@id\":\"https:\/\/eventtech.olsztyn.pl\/#\/schema\/logo\/image\/\"},\"sameAs\":[\"https:\/\/www.facebook.com\/eventtech.olsztyn\"]}]}<\/script>\n<!-- \/ Yoast SEO plugin. -->","yoast_head_json":{"title":"Kontakt - EventTech Olsztyn","robots":{"index":"index","follow":"follow","max-snippet":"max-snippet:-1","max-image-preview":"max-image-preview:large","max-video-preview":"max-video-preview:-1"},"canonical":"https:\/\/eventtech.olsztyn.pl\/?page_id=100","og_locale":"pl_PL","og_type":"article","og_title":"Kontakt - EventTech Olsztyn","og_description":"Mateusz Jasko Mened\u017cer finansowy Realizator d\u017awi\u0119ku, realizator transmisji na \u017cywo oraz VDJ kontakt@eventtech.olsztyn.pl tel. 793 389 750","og_url":"https:\/\/eventtech.olsztyn.pl\/?page_id=100","og_site_name":"EventTech Olsztyn","article_publisher":"https:\/\/www.facebook.com\/eventtech.olsztyn","article_modified_time":"2025-10-19T18:38:42+00:00","og_image":[{"url":"https:\/\/eventtech.olsztyn.pl\/wp-content\/uploads\/2025\/09\/460250683_882155810519639_5096702887622927890_n-300x300.jpg","type":"","width":"","height":""}],"twitter_card":"summary_large_image","schema":{"@context":"https:\/\/schema.org","@graph":[{"@type":"WebPage","@id":"https:\/\/eventtech.olsztyn.pl\/?page_id=100","url":"https:\/\/eventtech.olsztyn.pl\/?page_id=100","name":"Kontakt - EventTech Olsztyn","isPartOf":{"@id":"https:\/\/eventtech.olsztyn.pl\/#website"},"primaryImageOfPage":{"@id":"https:\/\/eventtech.olsztyn.pl\/?page_id=100#primaryimage"},"image":{"@id":"https:\/\/eventtech.olsztyn.pl\/?page_id=100#primaryimage"},"thumbnailUrl":"https:\/\/eventtech.olsztyn.pl\/wp-content\/uploads\/2025\/09\/460250683_882155810519639_5096702887622927890_n-300x300.jpg","datePublished":"2025-09-16T17:50:54+00:00","dateModified":"2025-10-19T18:38:42+00:00","breadcrumb":{"@id":"https:\/\/eventtech.olsztyn.pl\/?page_id=100#breadcrumb"},"inLanguage":"pl-PL","potentialAction":[{"@type":"ReadAction","target":["https:\/\/eventtech.olsztyn.pl\/?page_id=100"]}]},{"@type":"ImageObject","inLanguage":"pl-PL","@id":"https:\/\/eventtech.olsztyn.pl\/?page_id=100#primaryimage","url":"https:\/\/eventtech.olsztyn.pl\/wp-content\/uploads\/2025\/09\/460250683_882155810519639_5096702887622927890_n.jpg","contentUrl":"https:\/\/eventtech.olsztyn.pl\/wp-content\/uploads\/2025\/09\/460250683_882155810519639_5096702887622927890_n.jpg","width":2048,"height":2048},{"@type":"BreadcrumbList","@id":"https:\/\/eventtech.olsztyn.pl\/?page_id=100#breadcrumb","itemListElement":[{"@type":"ListItem","position":1,"name":"Strona g\u0142\u00f3wna","item":"https:\/\/eventtech.olsztyn.pl\/"},{"@type":"ListItem","position":2,"name":"Kontakt"}]},{"@type":"WebSite","@id":"https:\/\/eventtech.olsztyn.pl\/#website","url":"https:\/\/eventtech.olsztyn.pl\/","name":"EventTech Olsztyn","description":"Olsztyn","publisher":{"@id":"https:\/\/eventtech.olsztyn.pl\/#organization"},"potentialAction":[{"@type":"SearchAction","target":{"@type":"EntryPoint","urlTemplate":"https:\/\/eventtech.olsztyn.pl\/?s={search_term_string}"},"query-input":{"@type":"PropertyValueSpecification","valueRequired":true,"valueName":"search_term_string"}}],"inLanguage":"pl-PL"},{"@type":"Organization","@id":"https:\/\/eventtech.olsztyn.pl\/#organization","name":"EventTech Olsztyn","url":"https:\/\/eventtech.olsztyn.pl\/","logo":{"@type":"ImageObject","inLanguage":"pl-PL","@id":"https:\/\/eventtech.olsztyn.pl\/#\/schema\/logo\/image\/","url":"https:\/\/eventtech.olsztyn.pl\/wp-content\/uploads\/2025\/09\/EventTech_logo_biale-1.png","contentUrl":"https:\/\/eventtech.olsztyn.pl\/wp-content\/uploads\/2025\/09\/EventTech_logo_biale-1.png","width":1187,"height":1187,"caption":"EventTech Olsztyn"},"image":{"@id":"https:\/\/eventtech.olsztyn.pl\/#\/schema\/logo\/image\/"},"sameAs":["https:\/\/www.facebook.com\/eventtech.olsztyn"]}]}},"_links":{"self":[{"href":"https:\/\/eventtech.olsztyn.pl\/index.php?rest_route=\/wp\/v2\/pages\/100","targetHints":{"allow":["GET"]}}],"collection":[{"href":"https:\/\/eventtech.olsztyn.pl\/index.php?rest_route=\/wp\/v2\/pages"}],"about":[{"href":"https:\/\/eventtech.olsztyn.pl\/index.php?rest_route=\/wp\/v2\/types\/page"}],"author":[{"embeddable":true,"href":"https:\/\/eventtech.olsztyn.pl\/index.php?rest_route=\/wp\/v2\/users\/1"}],"replies":[{"embeddable":true,"href":"https:\/\/eventtech.olsztyn.pl\/index.php?rest_route=%2Fwp%2Fv2%2Fcomments&post=100"}],"version-history":[{"count":9,"href":"https:\/\/eventtech.olsztyn.pl\/index.php?rest_route=\/wp\/v2\/pages\/100\/revisions"}],"predecessor-version":[{"id":313,"href":"https:\/\/eventtech.olsztyn.pl\/index.php?rest_route=\/wp\/v2\/pages\/100\/revisions\/313"}],"wp:attachment":[{"href":"https:\/\/eventtech.olsztyn.pl\/index.php?rest_route=%2Fwp%2Fv2%2Fmedia&parent=100"}],"curies":[{"name":"wp","href":"https:\/\/api.w.org\/{rel}","templated":true}]}}