{"id":314,"date":"2025-10-19T20:50:32","date_gmt":"2025-10-19T18:50:32","guid":{"rendered":"https:\/\/eventtech.olsztyn.pl\/?page_id=314"},"modified":"2026-03-24T12:20:04","modified_gmt":"2026-03-24T11:20:04","slug":"djs-vdjs","status":"publish","type":"page","link":"https:\/\/eventtech.olsztyn.pl\/?page_id=314","title":{"rendered":"DJ&#8217;S &amp; VDJ&#8217;S"},"content":{"rendered":"\t\t<div data-elementor-type=\"wp-page\" data-elementor-id=\"314\" class=\"elementor elementor-314\">\n\t\t\t\t<div class=\"elementor-element elementor-element-953395a e-grid e-con-boxed wpr-particle-no wpr-jarallax-no wpr-parallax-no wpr-sticky-section-no e-con e-parent\" data-id=\"953395a\" data-element_type=\"container\" data-e-type=\"container\">\n\t\t\t\t\t<div class=\"e-con-inner\">\n\t\t<div class=\"elementor-element elementor-element-2d939ce3 e-con-full e-flex wpr-particle-no wpr-jarallax-no wpr-parallax-no wpr-sticky-section-no e-con e-child\" data-id=\"2d939ce3\" data-element_type=\"container\" data-e-type=\"container\">\n\t\t\t\t<div class=\"elementor-element elementor-element-7d2de202 elementor-view-default elementor-widget elementor-widget-icon\" data-id=\"7d2de202\" data-element_type=\"widget\" data-e-type=\"widget\" data-settings=\"{&quot;_animation&quot;:&quot;none&quot;}\" data-widget_type=\"icon.default\">\n\t\t\t\t\t\t\t<div class=\"elementor-icon-wrapper\">\n\t\t\t<div class=\"elementor-icon\">\n\t\t\t<svg aria-hidden=\"true\" class=\"e-font-icon-svg e-fas-headphones-alt\" viewBox=\"0 0 512 512\" xmlns=\"http:\/\/www.w3.org\/2000\/svg\"><path d=\"M160 288h-16c-35.35 0-64 28.7-64 64.12v63.76c0 35.41 28.65 64.12 64 64.12h16c17.67 0 32-14.36 32-32.06V320.06c0-17.71-14.33-32.06-32-32.06zm208 0h-16c-17.67 0-32 14.35-32 32.06v127.88c0 17.7 14.33 32.06 32 32.06h16c35.35 0 64-28.71 64-64.12v-63.76c0-35.41-28.65-64.12-64-64.12zM256 32C112.91 32 4.57 151.13 0 288v112c0 8.84 7.16 16 16 16h16c8.84 0 16-7.16 16-16V288c0-114.67 93.33-207.8 208-207.82 114.67.02 208 93.15 208 207.82v112c0 8.84 7.16 16 16 16h16c8.84 0 16-7.16 16-16V288C507.43 151.13 399.09 32 256 32z\"><\/path><\/svg>\t\t\t<\/div>\n\t\t<\/div>\n\t\t\t\t\t\t<\/div>\n\t\t\t\t<div class=\"elementor-element elementor-element-1be5b27b elementor-widget elementor-widget-heading\" data-id=\"1be5b27b\" data-element_type=\"widget\" data-e-type=\"widget\" data-widget_type=\"heading.default\">\n\t\t\t\t\t<h1 class=\"elementor-heading-title elementor-size-default\">DJ'S &amp; VDJ'S<\/h1>\t\t\t\t<\/div>\n\t\t\t\t<div class=\"elementor-element elementor-element-219e59fd elementor-invisible elementor-widget elementor-widget-text-editor\" data-id=\"219e59fd\" data-element_type=\"widget\" data-e-type=\"widget\" data-settings=\"{&quot;_animation&quot;:&quot;fadeIn&quot;}\" data-widget_type=\"text-editor.default\">\n\t\t\t\t\t\t\t\t\t<p>DJe zapewniaj\u0105cy muzyk\u0119 dopasowan\u0105 do okoliczno\u015bci, oraz VDJe, kt\u00f3rzy opr\u00f3cz muzyki miksuj\u0105 teledyski na \u017cywo<\/p>\t\t\t\t\t\t\t\t<\/div>\n\t\t\t\t<\/div>\n\t\t\t\t\t<\/div>\n\t\t\t\t<\/div>\n\t\t<div class=\"elementor-element elementor-element-453c675d e-flex e-con-boxed wpr-particle-no wpr-jarallax-no wpr-parallax-no wpr-sticky-section-no e-con e-parent\" data-id=\"453c675d\" data-element_type=\"container\" data-e-type=\"container\">\n\t\t\t\t\t<div class=\"e-con-inner\">\n\t\t\t\t<div class=\"elementor-element elementor-element-5a662bd4 elementor-widget elementor-widget-spacer\" data-id=\"5a662bd4\" data-element_type=\"widget\" data-e-type=\"widget\" data-widget_type=\"spacer.default\">\n\t\t\t\t\t\t\t<div class=\"elementor-spacer\">\n\t\t\t<div class=\"elementor-spacer-inner\"><\/div>\n\t\t<\/div>\n\t\t\t\t\t\t<\/div>\n\t\t\t\t\t<\/div>\n\t\t\t\t<\/div>\n\t\t<div class=\"elementor-element elementor-element-202b332 e-grid e-con-full wpr-particle-no wpr-jarallax-no wpr-parallax-no wpr-sticky-section-no e-con e-parent\" data-id=\"202b332\" data-element_type=\"container\" data-e-type=\"container\">\n\t\t<div class=\"elementor-element elementor-element-8a31c8e e-con-full e-flex wpr-particle-no wpr-jarallax-no wpr-parallax-no wpr-sticky-section-no e-con e-child\" data-id=\"8a31c8e\" data-element_type=\"container\" data-e-type=\"container\">\n\t\t\t\t<div class=\"elementor-element elementor-element-1f67d8d elementor-widget elementor-widget-image\" data-id=\"1f67d8d\" data-element_type=\"widget\" data-e-type=\"widget\" data-widget_type=\"image.default\">\n\t\t\t\t\t\t\t\t\t\t\t\t\t\t\t<img fetchpriority=\"high\" decoding=\"async\" width=\"1024\" height=\"1024\" src=\"https:\/\/eventtech.olsztyn.pl\/wp-content\/uploads\/2026\/03\/651878368_1281639277237955_6411799245189526331_n-1024x1024.jpg\" class=\"attachment-large size-large wp-image-592\" alt=\"\" srcset=\"https:\/\/eventtech.olsztyn.pl\/wp-content\/uploads\/2026\/03\/651878368_1281639277237955_6411799245189526331_n-1024x1024.jpg 1024w, https:\/\/eventtech.olsztyn.pl\/wp-content\/uploads\/2026\/03\/651878368_1281639277237955_6411799245189526331_n-300x300.jpg 300w, https:\/\/eventtech.olsztyn.pl\/wp-content\/uploads\/2026\/03\/651878368_1281639277237955_6411799245189526331_n-150x150.jpg 150w, https:\/\/eventtech.olsztyn.pl\/wp-content\/uploads\/2026\/03\/651878368_1281639277237955_6411799245189526331_n-768x768.jpg 768w, https:\/\/eventtech.olsztyn.pl\/wp-content\/uploads\/2026\/03\/651878368_1281639277237955_6411799245189526331_n-1536x1536.jpg 1536w, https:\/\/eventtech.olsztyn.pl\/wp-content\/uploads\/2026\/03\/651878368_1281639277237955_6411799245189526331_n-500x500.jpg 500w, https:\/\/eventtech.olsztyn.pl\/wp-content\/uploads\/2026\/03\/651878368_1281639277237955_6411799245189526331_n-800x800.jpg 800w, https:\/\/eventtech.olsztyn.pl\/wp-content\/uploads\/2026\/03\/651878368_1281639277237955_6411799245189526331_n-1280x1280.jpg 1280w, https:\/\/eventtech.olsztyn.pl\/wp-content\/uploads\/2026\/03\/651878368_1281639277237955_6411799245189526331_n-1920x1920.jpg 1920w, https:\/\/eventtech.olsztyn.pl\/wp-content\/uploads\/2026\/03\/651878368_1281639277237955_6411799245189526331_n.jpg 2048w\" sizes=\"(max-width: 1024px) 100vw, 1024px\" \/>\t\t\t\t\t\t\t\t\t\t\t\t\t\t\t<\/div>\n\t\t\t\t<div class=\"elementor-element elementor-element-693362a elementor-widget elementor-widget-text-editor\" data-id=\"693362a\" data-element_type=\"widget\" data-e-type=\"widget\" data-widget_type=\"text-editor.default\">\n\t\t\t\t\t\t\t\t\t<h3><strong>VDJ MJX<br \/><\/strong>(Mateusz Jasko)<\/h3>\t\t\t\t\t\t\t\t<\/div>\n\t\t\t\t<div class=\"elementor-element elementor-element-6f899a8 elementor-align-center elementor-widget elementor-widget-button\" data-id=\"6f899a8\" data-element_type=\"widget\" data-e-type=\"widget\" data-widget_type=\"button.default\">\n\t\t\t\t\t\t\t\t\t\t<a class=\"elementor-button elementor-button-link elementor-size-sm\" href=\"https:\/\/eventtech.olsztyn.pl\/?page_id=499\">\n\t\t\t\t\t\t<span class=\"elementor-button-content-wrapper\">\n\t\t\t\t\t\t\t\t\t<span class=\"elementor-button-text\">WI\u0118CEJ SZCZEG\u00d3\u0141\u00d3W<\/span>\n\t\t\t\t\t<\/span>\n\t\t\t\t\t<\/a>\n\t\t\t\t\t\t\t\t<\/div>\n\t\t\t\t<\/div>\n\t\t<div class=\"elementor-element elementor-element-3c1d169 e-con-full e-flex wpr-particle-no wpr-jarallax-no wpr-parallax-no wpr-sticky-section-no e-con e-child\" data-id=\"3c1d169\" data-element_type=\"container\" data-e-type=\"container\">\n\t\t\t\t<div class=\"elementor-element elementor-element-3a3d88b elementor-widget elementor-widget-image\" data-id=\"3a3d88b\" data-element_type=\"widget\" data-e-type=\"widget\" data-widget_type=\"image.default\">\n\t\t\t\t\t\t\t\t\t\t\t\t\t\t\t<img decoding=\"async\" width=\"740\" height=\"740\" src=\"https:\/\/eventtech.olsztyn.pl\/wp-content\/uploads\/2025\/10\/538985943_122147747174762749_4910038540269695281_n-2.jpg\" class=\"attachment-large size-large wp-image-374\" alt=\"\" srcset=\"https:\/\/eventtech.olsztyn.pl\/wp-content\/uploads\/2025\/10\/538985943_122147747174762749_4910038540269695281_n-2.jpg 740w, https:\/\/eventtech.olsztyn.pl\/wp-content\/uploads\/2025\/10\/538985943_122147747174762749_4910038540269695281_n-2-300x300.jpg 300w, https:\/\/eventtech.olsztyn.pl\/wp-content\/uploads\/2025\/10\/538985943_122147747174762749_4910038540269695281_n-2-150x150.jpg 150w\" sizes=\"(max-width: 740px) 100vw, 740px\" \/>\t\t\t\t\t\t\t\t\t\t\t\t\t\t\t<\/div>\n\t\t\t\t<div class=\"elementor-element elementor-element-06501ec elementor-widget elementor-widget-text-editor\" data-id=\"06501ec\" data-element_type=\"widget\" data-e-type=\"widget\" data-widget_type=\"text-editor.default\">\n\t\t\t\t\t\t\t\t\t<h3><strong>REVY<br \/><\/strong>(Piotr Piertrewicz)<\/h3>\t\t\t\t\t\t\t\t<\/div>\n\t\t\t\t<div class=\"elementor-element elementor-element-c999556 elementor-align-center elementor-widget elementor-widget-button\" data-id=\"c999556\" data-element_type=\"widget\" data-e-type=\"widget\" data-widget_type=\"button.default\">\n\t\t\t\t\t\t\t\t\t\t<a class=\"elementor-button elementor-button-link elementor-size-sm\" href=\"https:\/\/eventtech.olsztyn.pl\/?page_id=387\">\n\t\t\t\t\t\t<span class=\"elementor-button-content-wrapper\">\n\t\t\t\t\t\t\t\t\t<span class=\"elementor-button-text\">WI\u0118CEJ SZCZEG\u00d3\u0141\u00d3W<\/span>\n\t\t\t\t\t<\/span>\n\t\t\t\t\t<\/a>\n\t\t\t\t\t\t\t\t<\/div>\n\t\t\t\t<\/div>\n\t\t\t\t<\/div>\n\t\t<div class=\"elementor-element elementor-element-67b428c e-flex e-con-boxed wpr-particle-no wpr-jarallax-no wpr-parallax-no wpr-sticky-section-no e-con e-parent\" data-id=\"67b428c\" data-element_type=\"container\" data-e-type=\"container\">\n\t\t\t\t\t<div class=\"e-con-inner\">\n\t\t\t\t<div class=\"elementor-element elementor-element-84a0ec1 elementor-widget elementor-widget-spacer\" data-id=\"84a0ec1\" data-element_type=\"widget\" data-e-type=\"widget\" data-widget_type=\"spacer.default\">\n\t\t\t\t\t\t\t<div class=\"elementor-spacer\">\n\t\t\t<div class=\"elementor-spacer-inner\"><\/div>\n\t\t<\/div>\n\t\t\t\t\t\t<\/div>\n\t\t\t\t\t<\/div>\n\t\t\t\t<\/div>\n\t\t\t\t<\/div>\n\t\t","protected":false},"excerpt":{"rendered":"<p>DJ&#8217;S &amp; VDJ&#8217;S DJe zapewniaj\u0105cy muzyk\u0119 dopasowan\u0105 do okoliczno\u015bci, oraz VDJe, kt\u00f3rzy opr\u00f3cz muzyki miksuj\u0105 teledyski na \u017cywo VDJ MJX(Mateusz Jasko) WI\u0118CEJ SZCZEG\u00d3\u0141\u00d3W REVY(Piotr Piertrewicz) WI\u0118CEJ SZCZEG\u00d3\u0141\u00d3W<\/p>\n","protected":false},"author":1,"featured_media":0,"parent":0,"menu_order":0,"comment_status":"closed","ping_status":"closed","template":"elementor_header_footer","meta":{"_vp_format_video_url":"","_vp_image_focal_point":[],"footnotes":""},"class_list":["post-314","page","type-page","status-publish"],"yoast_head":"<!-- This site is optimized with the Yoast SEO plugin v27.2 - https:\/\/yoast.com\/product\/yoast-seo-wordpress\/ -->\n<title>DJ&#039;S &amp; VDJ&#039;S - EventTech Olsztyn<\/title>\n<meta name=\"robots\" content=\"index, follow, max-snippet:-1, max-image-preview:large, max-video-preview:-1\" \/>\n<link rel=\"canonical\" href=\"https:\/\/eventtech.olsztyn.pl\/?page_id=314\" \/>\n<meta property=\"og:locale\" content=\"pl_PL\" \/>\n<meta property=\"og:type\" content=\"article\" \/>\n<meta property=\"og:title\" content=\"DJ&#039;S &amp; VDJ&#039;S - EventTech Olsztyn\" \/>\n<meta property=\"og:description\" content=\"DJ&#8217;S &amp; VDJ&#8217;S DJe zapewniaj\u0105cy muzyk\u0119 dopasowan\u0105 do okoliczno\u015bci, oraz VDJe, kt\u00f3rzy opr\u00f3cz muzyki miksuj\u0105 teledyski na \u017cywo VDJ MJX(Mateusz Jasko) WI\u0118CEJ SZCZEG\u00d3\u0141\u00d3W REVY(Piotr Piertrewicz) WI\u0118CEJ SZCZEG\u00d3\u0141\u00d3W\" \/>\n<meta property=\"og:url\" content=\"https:\/\/eventtech.olsztyn.pl\/?page_id=314\" \/>\n<meta property=\"og:site_name\" content=\"EventTech Olsztyn\" \/>\n<meta property=\"article:publisher\" content=\"https:\/\/www.facebook.com\/eventtech.olsztyn\" \/>\n<meta property=\"article:modified_time\" content=\"2026-03-24T11:20:04+00:00\" \/>\n<meta property=\"og:image\" content=\"https:\/\/eventtech.olsztyn.pl\/wp-content\/uploads\/2026\/03\/651878368_1281639277237955_6411799245189526331_n.jpg\" \/>\n\t<meta property=\"og:image:width\" content=\"2048\" \/>\n\t<meta property=\"og:image:height\" content=\"2048\" \/>\n\t<meta property=\"og:image:type\" content=\"image\/jpeg\" \/>\n<meta name=\"twitter:card\" content=\"summary_large_image\" \/>\n<meta name=\"twitter:label1\" content=\"Szacowany czas czytania\" \/>\n\t<meta name=\"twitter:data1\" content=\"1 minuta\" \/>\n<script type=\"application\/ld+json\" class=\"yoast-schema-graph\">{\"@context\":\"https:\/\/schema.org\",\"@graph\":[{\"@type\":\"WebPage\",\"@id\":\"https:\/\/eventtech.olsztyn.pl\/?page_id=314\",\"url\":\"https:\/\/eventtech.olsztyn.pl\/?page_id=314\",\"name\":\"DJ'S &amp; VDJ'S - EventTech Olsztyn\",\"isPartOf\":{\"@id\":\"https:\/\/eventtech.olsztyn.pl\/#website\"},\"primaryImageOfPage\":{\"@id\":\"https:\/\/eventtech.olsztyn.pl\/?page_id=314#primaryimage\"},\"image\":{\"@id\":\"https:\/\/eventtech.olsztyn.pl\/?page_id=314#primaryimage\"},\"thumbnailUrl\":\"https:\/\/eventtech.olsztyn.pl\/wp-content\/uploads\/2026\/03\/651878368_1281639277237955_6411799245189526331_n-1024x1024.jpg\",\"datePublished\":\"2025-10-19T18:50:32+00:00\",\"dateModified\":\"2026-03-24T11:20:04+00:00\",\"breadcrumb\":{\"@id\":\"https:\/\/eventtech.olsztyn.pl\/?page_id=314#breadcrumb\"},\"inLanguage\":\"pl-PL\",\"potentialAction\":[{\"@type\":\"ReadAction\",\"target\":[\"https:\/\/eventtech.olsztyn.pl\/?page_id=314\"]}]},{\"@type\":\"ImageObject\",\"inLanguage\":\"pl-PL\",\"@id\":\"https:\/\/eventtech.olsztyn.pl\/?page_id=314#primaryimage\",\"url\":\"https:\/\/eventtech.olsztyn.pl\/wp-content\/uploads\/2026\/03\/651878368_1281639277237955_6411799245189526331_n.jpg\",\"contentUrl\":\"https:\/\/eventtech.olsztyn.pl\/wp-content\/uploads\/2026\/03\/651878368_1281639277237955_6411799245189526331_n.jpg\",\"width\":2048,\"height\":2048},{\"@type\":\"BreadcrumbList\",\"@id\":\"https:\/\/eventtech.olsztyn.pl\/?page_id=314#breadcrumb\",\"itemListElement\":[{\"@type\":\"ListItem\",\"position\":1,\"name\":\"Strona g\u0142\u00f3wna\",\"item\":\"https:\/\/eventtech.olsztyn.pl\/\"},{\"@type\":\"ListItem\",\"position\":2,\"name\":\"DJ&#8217;S &amp; VDJ&#8217;S\"}]},{\"@type\":\"WebSite\",\"@id\":\"https:\/\/eventtech.olsztyn.pl\/#website\",\"url\":\"https:\/\/eventtech.olsztyn.pl\/\",\"name\":\"EventTech Olsztyn\",\"description\":\"Olsztyn\",\"publisher\":{\"@id\":\"https:\/\/eventtech.olsztyn.pl\/#organization\"},\"potentialAction\":[{\"@type\":\"SearchAction\",\"target\":{\"@type\":\"EntryPoint\",\"urlTemplate\":\"https:\/\/eventtech.olsztyn.pl\/?s={search_term_string}\"},\"query-input\":{\"@type\":\"PropertyValueSpecification\",\"valueRequired\":true,\"valueName\":\"search_term_string\"}}],\"inLanguage\":\"pl-PL\"},{\"@type\":\"Organization\",\"@id\":\"https:\/\/eventtech.olsztyn.pl\/#organization\",\"name\":\"EventTech Olsztyn\",\"url\":\"https:\/\/eventtech.olsztyn.pl\/\",\"logo\":{\"@type\":\"ImageObject\",\"inLanguage\":\"pl-PL\",\"@id\":\"https:\/\/eventtech.olsztyn.pl\/#\/schema\/logo\/image\/\",\"url\":\"https:\/\/eventtech.olsztyn.pl\/wp-content\/uploads\/2025\/09\/EventTech_logo_biale-1.png\",\"contentUrl\":\"https:\/\/eventtech.olsztyn.pl\/wp-content\/uploads\/2025\/09\/EventTech_logo_biale-1.png\",\"width\":1187,\"height\":1187,\"caption\":\"EventTech Olsztyn\"},\"image\":{\"@id\":\"https:\/\/eventtech.olsztyn.pl\/#\/schema\/logo\/image\/\"},\"sameAs\":[\"https:\/\/www.facebook.com\/eventtech.olsztyn\"]}]}<\/script>\n<!-- \/ Yoast SEO plugin. -->","yoast_head_json":{"title":"DJ'S &amp; VDJ'S - EventTech Olsztyn","robots":{"index":"index","follow":"follow","max-snippet":"max-snippet:-1","max-image-preview":"max-image-preview:large","max-video-preview":"max-video-preview:-1"},"canonical":"https:\/\/eventtech.olsztyn.pl\/?page_id=314","og_locale":"pl_PL","og_type":"article","og_title":"DJ'S &amp; VDJ'S - EventTech Olsztyn","og_description":"DJ&#8217;S &amp; VDJ&#8217;S DJe zapewniaj\u0105cy muzyk\u0119 dopasowan\u0105 do okoliczno\u015bci, oraz VDJe, kt\u00f3rzy opr\u00f3cz muzyki miksuj\u0105 teledyski na \u017cywo VDJ MJX(Mateusz Jasko) WI\u0118CEJ SZCZEG\u00d3\u0141\u00d3W REVY(Piotr Piertrewicz) WI\u0118CEJ SZCZEG\u00d3\u0141\u00d3W","og_url":"https:\/\/eventtech.olsztyn.pl\/?page_id=314","og_site_name":"EventTech Olsztyn","article_publisher":"https:\/\/www.facebook.com\/eventtech.olsztyn","article_modified_time":"2026-03-24T11:20:04+00:00","og_image":[{"width":2048,"height":2048,"url":"https:\/\/eventtech.olsztyn.pl\/wp-content\/uploads\/2026\/03\/651878368_1281639277237955_6411799245189526331_n.jpg","type":"image\/jpeg"}],"twitter_card":"summary_large_image","twitter_misc":{"Szacowany czas czytania":"1 minuta"},"schema":{"@context":"https:\/\/schema.org","@graph":[{"@type":"WebPage","@id":"https:\/\/eventtech.olsztyn.pl\/?page_id=314","url":"https:\/\/eventtech.olsztyn.pl\/?page_id=314","name":"DJ'S &amp; VDJ'S - EventTech Olsztyn","isPartOf":{"@id":"https:\/\/eventtech.olsztyn.pl\/#website"},"primaryImageOfPage":{"@id":"https:\/\/eventtech.olsztyn.pl\/?page_id=314#primaryimage"},"image":{"@id":"https:\/\/eventtech.olsztyn.pl\/?page_id=314#primaryimage"},"thumbnailUrl":"https:\/\/eventtech.olsztyn.pl\/wp-content\/uploads\/2026\/03\/651878368_1281639277237955_6411799245189526331_n-1024x1024.jpg","datePublished":"2025-10-19T18:50:32+00:00","dateModified":"2026-03-24T11:20:04+00:00","breadcrumb":{"@id":"https:\/\/eventtech.olsztyn.pl\/?page_id=314#breadcrumb"},"inLanguage":"pl-PL","potentialAction":[{"@type":"ReadAction","target":["https:\/\/eventtech.olsztyn.pl\/?page_id=314"]}]},{"@type":"ImageObject","inLanguage":"pl-PL","@id":"https:\/\/eventtech.olsztyn.pl\/?page_id=314#primaryimage","url":"https:\/\/eventtech.olsztyn.pl\/wp-content\/uploads\/2026\/03\/651878368_1281639277237955_6411799245189526331_n.jpg","contentUrl":"https:\/\/eventtech.olsztyn.pl\/wp-content\/uploads\/2026\/03\/651878368_1281639277237955_6411799245189526331_n.jpg","width":2048,"height":2048},{"@type":"BreadcrumbList","@id":"https:\/\/eventtech.olsztyn.pl\/?page_id=314#breadcrumb","itemListElement":[{"@type":"ListItem","position":1,"name":"Strona g\u0142\u00f3wna","item":"https:\/\/eventtech.olsztyn.pl\/"},{"@type":"ListItem","position":2,"name":"DJ&#8217;S &amp; VDJ&#8217;S"}]},{"@type":"WebSite","@id":"https:\/\/eventtech.olsztyn.pl\/#website","url":"https:\/\/eventtech.olsztyn.pl\/","name":"EventTech Olsztyn","description":"Olsztyn","publisher":{"@id":"https:\/\/eventtech.olsztyn.pl\/#organization"},"potentialAction":[{"@type":"SearchAction","target":{"@type":"EntryPoint","urlTemplate":"https:\/\/eventtech.olsztyn.pl\/?s={search_term_string}"},"query-input":{"@type":"PropertyValueSpecification","valueRequired":true,"valueName":"search_term_string"}}],"inLanguage":"pl-PL"},{"@type":"Organization","@id":"https:\/\/eventtech.olsztyn.pl\/#organization","name":"EventTech Olsztyn","url":"https:\/\/eventtech.olsztyn.pl\/","logo":{"@type":"ImageObject","inLanguage":"pl-PL","@id":"https:\/\/eventtech.olsztyn.pl\/#\/schema\/logo\/image\/","url":"https:\/\/eventtech.olsztyn.pl\/wp-content\/uploads\/2025\/09\/EventTech_logo_biale-1.png","contentUrl":"https:\/\/eventtech.olsztyn.pl\/wp-content\/uploads\/2025\/09\/EventTech_logo_biale-1.png","width":1187,"height":1187,"caption":"EventTech Olsztyn"},"image":{"@id":"https:\/\/eventtech.olsztyn.pl\/#\/schema\/logo\/image\/"},"sameAs":["https:\/\/www.facebook.com\/eventtech.olsztyn"]}]}},"_links":{"self":[{"href":"https:\/\/eventtech.olsztyn.pl\/index.php?rest_route=\/wp\/v2\/pages\/314","targetHints":{"allow":["GET"]}}],"collection":[{"href":"https:\/\/eventtech.olsztyn.pl\/index.php?rest_route=\/wp\/v2\/pages"}],"about":[{"href":"https:\/\/eventtech.olsztyn.pl\/index.php?rest_route=\/wp\/v2\/types\/page"}],"author":[{"embeddable":true,"href":"https:\/\/eventtech.olsztyn.pl\/index.php?rest_route=\/wp\/v2\/users\/1"}],"replies":[{"embeddable":true,"href":"https:\/\/eventtech.olsztyn.pl\/index.php?rest_route=%2Fwp%2Fv2%2Fcomments&post=314"}],"version-history":[{"count":55,"href":"https:\/\/eventtech.olsztyn.pl\/index.php?rest_route=\/wp\/v2\/pages\/314\/revisions"}],"predecessor-version":[{"id":595,"href":"https:\/\/eventtech.olsztyn.pl\/index.php?rest_route=\/wp\/v2\/pages\/314\/revisions\/595"}],"wp:attachment":[{"href":"https:\/\/eventtech.olsztyn.pl\/index.php?rest_route=%2Fwp%2Fv2%2Fmedia&parent=314"}],"curies":[{"name":"wp","href":"https:\/\/api.w.org\/{rel}","templated":true}]}}