{"id":387,"date":"2026-01-07T10:16:40","date_gmt":"2026-01-07T09:16:40","guid":{"rendered":"https:\/\/eventtech.olsztyn.pl\/?page_id=387"},"modified":"2026-01-12T21:47:00","modified_gmt":"2026-01-12T20:47:00","slug":"revy","status":"publish","type":"page","link":"https:\/\/eventtech.olsztyn.pl\/?page_id=387","title":{"rendered":"REVY"},"content":{"rendered":"\t\t<div data-elementor-type=\"wp-page\" data-elementor-id=\"387\" class=\"elementor elementor-387\">\n\t\t\t\t<div class=\"elementor-element elementor-element-808232e e-grid e-con-boxed wpr-particle-no wpr-jarallax-no wpr-parallax-no wpr-sticky-section-no e-con e-parent\" data-id=\"808232e\" data-element_type=\"container\" data-e-type=\"container\">\n\t\t\t\t\t<div class=\"e-con-inner\">\n\t\t\t\t<div class=\"elementor-element elementor-element-bb2f9e8 elementor-widget elementor-widget-text-editor\" data-id=\"bb2f9e8\" data-element_type=\"widget\" data-e-type=\"widget\" data-widget_type=\"text-editor.default\">\n\t\t\t\t\t\t\t\t\t<h3><strong>REVY<br \/><\/strong><\/h3><p data-start=\"10\" data-end=\"431\">W\u0142a\u015bciwie Piotr Pietrewicz \u2013 DJ pochodz\u0105cy z I\u0142awy, od lat aktywnie dzia\u0142aj\u0105cy na rynku imprez okoliczno\u015bciowych. Specjalizuje si\u0119 w oprawie muzycznej wydarze\u0144 takich jak wesela, osiemnastki, jubileusze oraz imprezy firmowe. Znany z umiej\u0119tno\u015bci dopasowania repertuaru do charakteru wydarzenia i publiczno\u015bci, \u0142\u0105czy r\u00f3\u017cne gatunki muzyczne, dbaj\u0105c zar\u00f3wno o energi\u0119 na parkiecie, jak i p\u0142ynno\u015b\u0107 ca\u0142ego przebiegu imprezy.<\/p><p data-start=\"433\" data-end=\"732\" data-is-last-node=\"\" data-is-only-node=\"\">Jak sam podkre\u015bla, muzyka jest dla niego czym\u015b wi\u0119cej ni\u017c tylko d\u017awi\u0119kiem \u2013 to narz\u0119dzie do przekuwania emocji w brzmienie. Poprzez starannie dobrane utwory potrafi odda\u0107 uczucia, nastroje i historie uczestnik\u00f3w wydarzenia, tworz\u0105c atmosfer\u0119, kt\u00f3ra zostaje w pami\u0119ci na d\u0142ugo po zako\u0144czeniu imprezy.<\/p>\t\t\t\t\t\t\t\t<\/div>\n\t\t\t\t<div class=\"elementor-element elementor-element-c36f711 elementor-widget elementor-widget-image\" data-id=\"c36f711\" data-element_type=\"widget\" data-e-type=\"widget\" data-widget_type=\"image.default\">\n\t\t\t\t\t\t\t\t\t\t\t\t\t\t\t<img fetchpriority=\"high\" decoding=\"async\" width=\"740\" height=\"740\" src=\"https:\/\/eventtech.olsztyn.pl\/wp-content\/uploads\/2025\/10\/538985943_122147747174762749_4910038540269695281_n-2.jpg\" class=\"attachment-large size-large wp-image-374\" alt=\"\" srcset=\"https:\/\/eventtech.olsztyn.pl\/wp-content\/uploads\/2025\/10\/538985943_122147747174762749_4910038540269695281_n-2.jpg 740w, https:\/\/eventtech.olsztyn.pl\/wp-content\/uploads\/2025\/10\/538985943_122147747174762749_4910038540269695281_n-2-300x300.jpg 300w, https:\/\/eventtech.olsztyn.pl\/wp-content\/uploads\/2025\/10\/538985943_122147747174762749_4910038540269695281_n-2-150x150.jpg 150w\" sizes=\"(max-width: 740px) 100vw, 740px\" \/>\t\t\t\t\t\t\t\t\t\t\t\t\t\t\t<\/div>\n\t\t\t\t\t<\/div>\n\t\t\t\t<\/div>\n\t\t<div class=\"elementor-element elementor-element-3d73837 e-grid e-con-full wpr-particle-no wpr-jarallax-no wpr-parallax-no wpr-sticky-section-no e-con e-parent\" data-id=\"3d73837\" data-element_type=\"container\" data-e-type=\"container\">\n\t\t\t\t<div class=\"elementor-element elementor-element-15c0b72 elementor-widget elementor-widget-image\" data-id=\"15c0b72\" data-element_type=\"widget\" data-e-type=\"widget\" data-widget_type=\"image.default\">\n\t\t\t\t\t\t\t\t\t\t\t\t\t\t\t<img decoding=\"async\" width=\"1024\" height=\"574\" src=\"https:\/\/eventtech.olsztyn.pl\/wp-content\/uploads\/2025\/10\/20250920_185643-scaled-e1768250510101-1024x574.jpg\" class=\"attachment-large size-large wp-image-205\" alt=\"\" srcset=\"https:\/\/eventtech.olsztyn.pl\/wp-content\/uploads\/2025\/10\/20250920_185643-scaled-e1768250510101-1024x574.jpg 1024w, https:\/\/eventtech.olsztyn.pl\/wp-content\/uploads\/2025\/10\/20250920_185643-scaled-e1768250510101-300x168.jpg 300w, https:\/\/eventtech.olsztyn.pl\/wp-content\/uploads\/2025\/10\/20250920_185643-scaled-e1768250510101-768x430.jpg 768w, https:\/\/eventtech.olsztyn.pl\/wp-content\/uploads\/2025\/10\/20250920_185643-scaled-e1768250510101.jpg 1098w\" sizes=\"(max-width: 1024px) 100vw, 1024px\" \/>\t\t\t\t\t\t\t\t\t\t\t\t\t\t\t<\/div>\n\t\t\t\t<div class=\"elementor-element elementor-element-c603b12 elementor-widget elementor-widget-image\" data-id=\"c603b12\" data-element_type=\"widget\" data-e-type=\"widget\" data-widget_type=\"image.default\">\n\t\t\t\t\t\t\t\t\t\t\t\t\t\t\t<img decoding=\"async\" width=\"1024\" height=\"577\" src=\"https:\/\/eventtech.olsztyn.pl\/wp-content\/uploads\/2025\/10\/537478187_122147747156762749_7402819279349552419_n-1024x577.jpg\" class=\"attachment-large size-large wp-image-124\" alt=\"\" srcset=\"https:\/\/eventtech.olsztyn.pl\/wp-content\/uploads\/2025\/10\/537478187_122147747156762749_7402819279349552419_n-1024x577.jpg 1024w, https:\/\/eventtech.olsztyn.pl\/wp-content\/uploads\/2025\/10\/537478187_122147747156762749_7402819279349552419_n-300x169.jpg 300w, https:\/\/eventtech.olsztyn.pl\/wp-content\/uploads\/2025\/10\/537478187_122147747156762749_7402819279349552419_n-768x432.jpg 768w, https:\/\/eventtech.olsztyn.pl\/wp-content\/uploads\/2025\/10\/537478187_122147747156762749_7402819279349552419_n-1536x865.jpg 1536w, https:\/\/eventtech.olsztyn.pl\/wp-content\/uploads\/2025\/10\/537478187_122147747156762749_7402819279349552419_n.jpg 2048w\" sizes=\"(max-width: 1024px) 100vw, 1024px\" \/>\t\t\t\t\t\t\t\t\t\t\t\t\t\t\t<\/div>\n\t\t\t\t<div class=\"elementor-element elementor-element-e8f77b6 elementor-widget elementor-widget-image\" data-id=\"e8f77b6\" data-element_type=\"widget\" data-e-type=\"widget\" data-widget_type=\"image.default\">\n\t\t\t\t\t\t\t\t\t\t\t\t\t\t\t<img loading=\"lazy\" decoding=\"async\" width=\"1024\" height=\"577\" src=\"https:\/\/eventtech.olsztyn.pl\/wp-content\/uploads\/2026\/01\/515500865_122139272588762749_7332265496353978260_n-e1767777559478-1024x577.jpg\" class=\"attachment-large size-large wp-image-494\" alt=\"\" srcset=\"https:\/\/eventtech.olsztyn.pl\/wp-content\/uploads\/2026\/01\/515500865_122139272588762749_7332265496353978260_n-e1767777559478-1024x577.jpg 1024w, https:\/\/eventtech.olsztyn.pl\/wp-content\/uploads\/2026\/01\/515500865_122139272588762749_7332265496353978260_n-e1767777559478-300x169.jpg 300w, https:\/\/eventtech.olsztyn.pl\/wp-content\/uploads\/2026\/01\/515500865_122139272588762749_7332265496353978260_n-e1767777559478-768x433.jpg 768w, https:\/\/eventtech.olsztyn.pl\/wp-content\/uploads\/2026\/01\/515500865_122139272588762749_7332265496353978260_n-e1767777559478-1536x866.jpg 1536w, https:\/\/eventtech.olsztyn.pl\/wp-content\/uploads\/2026\/01\/515500865_122139272588762749_7332265496353978260_n-e1767777559478.jpg 2048w\" sizes=\"(max-width: 1024px) 100vw, 1024px\" \/>\t\t\t\t\t\t\t\t\t\t\t\t\t\t\t<\/div>\n\t\t\t\t<div class=\"elementor-element elementor-element-5e5aab4 elementor-widget elementor-widget-image\" data-id=\"5e5aab4\" data-element_type=\"widget\" data-e-type=\"widget\" data-widget_type=\"image.default\">\n\t\t\t\t\t\t\t\t\t\t\t\t\t\t\t<img loading=\"lazy\" decoding=\"async\" width=\"1024\" height=\"577\" src=\"https:\/\/eventtech.olsztyn.pl\/wp-content\/uploads\/2025\/10\/P1130071-1-scaled-e1767777627138-1024x577.jpg\" class=\"attachment-large size-large wp-image-129\" alt=\"\" srcset=\"https:\/\/eventtech.olsztyn.pl\/wp-content\/uploads\/2025\/10\/P1130071-1-scaled-e1767777627138-1024x577.jpg 1024w, https:\/\/eventtech.olsztyn.pl\/wp-content\/uploads\/2025\/10\/P1130071-1-scaled-e1767777627138-300x169.jpg 300w, https:\/\/eventtech.olsztyn.pl\/wp-content\/uploads\/2025\/10\/P1130071-1-scaled-e1767777627138-768x433.jpg 768w, https:\/\/eventtech.olsztyn.pl\/wp-content\/uploads\/2025\/10\/P1130071-1-scaled-e1767777627138-1536x865.jpg 1536w, https:\/\/eventtech.olsztyn.pl\/wp-content\/uploads\/2025\/10\/P1130071-1-scaled-e1767777627138-2048x1154.jpg 2048w\" sizes=\"(max-width: 1024px) 100vw, 1024px\" \/>\t\t\t\t\t\t\t\t\t\t\t\t\t\t\t<\/div>\n\t\t\t\t<\/div>\n\t\t<div class=\"elementor-element elementor-element-b650b86 e-flex e-con-boxed wpr-particle-no wpr-jarallax-no wpr-parallax-no wpr-sticky-section-no e-con e-parent\" data-id=\"b650b86\" data-element_type=\"container\" data-e-type=\"container\">\n\t\t\t\t\t<div class=\"e-con-inner\">\n\t\t\t\t<div class=\"elementor-element elementor-element-975ce45 elementor-widget-divider--view-line elementor-widget elementor-widget-divider\" data-id=\"975ce45\" data-element_type=\"widget\" data-e-type=\"widget\" data-widget_type=\"divider.default\">\n\t\t\t\t\t\t\t<div class=\"elementor-divider\">\n\t\t\t<span class=\"elementor-divider-separator\">\n\t\t\t\t\t\t<\/span>\n\t\t<\/div>\n\t\t\t\t\t\t<\/div>\n\t\t\t\t\t<\/div>\n\t\t\t\t<\/div>\n\t\t<div class=\"elementor-element elementor-element-a5c6aa0 e-grid e-con-boxed wpr-particle-no wpr-jarallax-no wpr-parallax-no wpr-sticky-section-no e-con e-parent\" data-id=\"a5c6aa0\" data-element_type=\"container\" data-e-type=\"container\">\n\t\t\t\t\t<div class=\"e-con-inner\">\n\t\t\t\t<div class=\"elementor-element elementor-element-5ddd084 elementor-widget elementor-widget-video\" data-id=\"5ddd084\" data-element_type=\"widget\" data-e-type=\"widget\" data-settings=\"{&quot;youtube_url&quot;:&quot;https:\\\/\\\/youtu.be\\\/XfS2dOAOl4w?si=bwW_uhdGAsCbuELi&quot;,&quot;video_type&quot;:&quot;youtube&quot;,&quot;controls&quot;:&quot;yes&quot;}\" data-widget_type=\"video.default\">\n\t\t\t\t\t\t\t<div class=\"elementor-wrapper elementor-open-inline\">\n\t\t\t<div class=\"elementor-video\"><\/div>\t\t<\/div>\n\t\t\t\t\t\t<\/div>\n\t\t\t\t<div class=\"elementor-element elementor-element-74a4412 elementor-widget elementor-widget-video\" data-id=\"74a4412\" data-element_type=\"widget\" data-e-type=\"widget\" data-settings=\"{&quot;youtube_url&quot;:&quot;https:\\\/\\\/youtu.be\\\/eYA3Lq4HLaM?si=QodRv-qRiFw5evM3&quot;,&quot;video_type&quot;:&quot;youtube&quot;,&quot;controls&quot;:&quot;yes&quot;}\" data-widget_type=\"video.default\">\n\t\t\t\t\t\t\t<div class=\"elementor-wrapper elementor-open-inline\">\n\t\t\t<div class=\"elementor-video\"><\/div>\t\t<\/div>\n\t\t\t\t\t\t<\/div>\n\t\t\t\t\t<\/div>\n\t\t\t\t<\/div>\n\t\t\t\t<\/div>\n\t\t","protected":false},"excerpt":{"rendered":"<p>REVY W\u0142a\u015bciwie Piotr Pietrewicz \u2013 DJ pochodz\u0105cy z I\u0142awy, od lat aktywnie dzia\u0142aj\u0105cy na rynku imprez okoliczno\u015bciowych. Specjalizuje si\u0119 w oprawie muzycznej wydarze\u0144 takich jak wesela, osiemnastki, jubileusze oraz imprezy firmowe. Znany z umiej\u0119tno\u015bci dopasowania repertuaru do charakteru wydarzenia i publiczno\u015bci, \u0142\u0105czy r\u00f3\u017cne gatunki muzyczne, dbaj\u0105c zar\u00f3wno o energi\u0119 na parkiecie, jak i p\u0142ynno\u015b\u0107 ca\u0142ego przebiegu imprezy. Jak sam podkre\u015bla, muzyka jest dla niego czym\u015b wi\u0119cej ni\u017c tylko d\u017awi\u0119kiem \u2013 to narz\u0119dzie do przekuwania emocji w brzmienie. Poprzez starannie dobrane utwory potrafi odda\u0107 uczucia, nastroje i historie uczestnik\u00f3w wydarzenia, tworz\u0105c atmosfer\u0119, kt\u00f3ra zostaje w pami\u0119ci na d\u0142ugo po zako\u0144czeniu imprezy.<\/p>\n","protected":false},"author":1,"featured_media":0,"parent":0,"menu_order":0,"comment_status":"closed","ping_status":"closed","template":"","meta":{"_vp_format_video_url":"","_vp_image_focal_point":[],"footnotes":""},"class_list":["post-387","page","type-page","status-publish"],"yoast_head":"<!-- This site is optimized with the Yoast SEO plugin v27.2 - https:\/\/yoast.com\/product\/yoast-seo-wordpress\/ -->\n<title>REVY - EventTech Olsztyn<\/title>\n<meta name=\"robots\" content=\"index, follow, max-snippet:-1, max-image-preview:large, max-video-preview:-1\" \/>\n<link rel=\"canonical\" href=\"https:\/\/eventtech.olsztyn.pl\/?page_id=387\" \/>\n<meta property=\"og:locale\" content=\"pl_PL\" \/>\n<meta property=\"og:type\" content=\"article\" \/>\n<meta property=\"og:title\" content=\"REVY - EventTech Olsztyn\" \/>\n<meta property=\"og:description\" content=\"REVY W\u0142a\u015bciwie Piotr Pietrewicz \u2013 DJ pochodz\u0105cy z I\u0142awy, od lat aktywnie dzia\u0142aj\u0105cy na rynku imprez okoliczno\u015bciowych. Specjalizuje si\u0119 w oprawie muzycznej wydarze\u0144 takich jak wesela, osiemnastki, jubileusze oraz imprezy firmowe. Znany z umiej\u0119tno\u015bci dopasowania repertuaru do charakteru wydarzenia i publiczno\u015bci, \u0142\u0105czy r\u00f3\u017cne gatunki muzyczne, dbaj\u0105c zar\u00f3wno o energi\u0119 na parkiecie, jak i p\u0142ynno\u015b\u0107 ca\u0142ego przebiegu imprezy. Jak sam podkre\u015bla, muzyka jest dla niego czym\u015b wi\u0119cej ni\u017c tylko d\u017awi\u0119kiem \u2013 to narz\u0119dzie do przekuwania emocji w brzmienie. Poprzez starannie dobrane utwory potrafi odda\u0107 uczucia, nastroje i historie uczestnik\u00f3w wydarzenia, tworz\u0105c atmosfer\u0119, kt\u00f3ra zostaje w pami\u0119ci na d\u0142ugo po zako\u0144czeniu imprezy.\" \/>\n<meta property=\"og:url\" content=\"https:\/\/eventtech.olsztyn.pl\/?page_id=387\" \/>\n<meta property=\"og:site_name\" content=\"EventTech Olsztyn\" \/>\n<meta property=\"article:publisher\" content=\"https:\/\/www.facebook.com\/eventtech.olsztyn\" \/>\n<meta property=\"article:modified_time\" content=\"2026-01-12T20:47:00+00:00\" \/>\n<meta property=\"og:image\" content=\"https:\/\/eventtech.olsztyn.pl\/wp-content\/uploads\/2025\/10\/538985943_122147747174762749_4910038540269695281_n-1.jpg\" \/>\n\t<meta property=\"og:image:width\" content=\"2048\" \/>\n\t<meta property=\"og:image:height\" content=\"1153\" \/>\n\t<meta property=\"og:image:type\" content=\"image\/jpeg\" \/>\n<meta name=\"twitter:card\" content=\"summary_large_image\" \/>\n<meta name=\"twitter:label1\" content=\"Szacowany czas czytania\" \/>\n\t<meta name=\"twitter:data1\" content=\"1 minuta\" \/>\n<script type=\"application\/ld+json\" class=\"yoast-schema-graph\">{\"@context\":\"https:\/\/schema.org\",\"@graph\":[{\"@type\":\"WebPage\",\"@id\":\"https:\/\/eventtech.olsztyn.pl\/?page_id=387\",\"url\":\"https:\/\/eventtech.olsztyn.pl\/?page_id=387\",\"name\":\"REVY - EventTech Olsztyn\",\"isPartOf\":{\"@id\":\"https:\/\/eventtech.olsztyn.pl\/#website\"},\"primaryImageOfPage\":{\"@id\":\"https:\/\/eventtech.olsztyn.pl\/?page_id=387#primaryimage\"},\"image\":{\"@id\":\"https:\/\/eventtech.olsztyn.pl\/?page_id=387#primaryimage\"},\"thumbnailUrl\":\"https:\/\/eventtech.olsztyn.pl\/wp-content\/uploads\/2025\/10\/538985943_122147747174762749_4910038540269695281_n-2.jpg\",\"datePublished\":\"2026-01-07T09:16:40+00:00\",\"dateModified\":\"2026-01-12T20:47:00+00:00\",\"breadcrumb\":{\"@id\":\"https:\/\/eventtech.olsztyn.pl\/?page_id=387#breadcrumb\"},\"inLanguage\":\"pl-PL\",\"potentialAction\":[{\"@type\":\"ReadAction\",\"target\":[\"https:\/\/eventtech.olsztyn.pl\/?page_id=387\"]}]},{\"@type\":\"ImageObject\",\"inLanguage\":\"pl-PL\",\"@id\":\"https:\/\/eventtech.olsztyn.pl\/?page_id=387#primaryimage\",\"url\":\"https:\/\/eventtech.olsztyn.pl\/wp-content\/uploads\/2025\/10\/538985943_122147747174762749_4910038540269695281_n-2.jpg\",\"contentUrl\":\"https:\/\/eventtech.olsztyn.pl\/wp-content\/uploads\/2025\/10\/538985943_122147747174762749_4910038540269695281_n-2.jpg\",\"width\":740,\"height\":740},{\"@type\":\"BreadcrumbList\",\"@id\":\"https:\/\/eventtech.olsztyn.pl\/?page_id=387#breadcrumb\",\"itemListElement\":[{\"@type\":\"ListItem\",\"position\":1,\"name\":\"Strona g\u0142\u00f3wna\",\"item\":\"https:\/\/eventtech.olsztyn.pl\/\"},{\"@type\":\"ListItem\",\"position\":2,\"name\":\"REVY\"}]},{\"@type\":\"WebSite\",\"@id\":\"https:\/\/eventtech.olsztyn.pl\/#website\",\"url\":\"https:\/\/eventtech.olsztyn.pl\/\",\"name\":\"EventTech Olsztyn\",\"description\":\"Olsztyn\",\"publisher\":{\"@id\":\"https:\/\/eventtech.olsztyn.pl\/#organization\"},\"potentialAction\":[{\"@type\":\"SearchAction\",\"target\":{\"@type\":\"EntryPoint\",\"urlTemplate\":\"https:\/\/eventtech.olsztyn.pl\/?s={search_term_string}\"},\"query-input\":{\"@type\":\"PropertyValueSpecification\",\"valueRequired\":true,\"valueName\":\"search_term_string\"}}],\"inLanguage\":\"pl-PL\"},{\"@type\":\"Organization\",\"@id\":\"https:\/\/eventtech.olsztyn.pl\/#organization\",\"name\":\"EventTech Olsztyn\",\"url\":\"https:\/\/eventtech.olsztyn.pl\/\",\"logo\":{\"@type\":\"ImageObject\",\"inLanguage\":\"pl-PL\",\"@id\":\"https:\/\/eventtech.olsztyn.pl\/#\/schema\/logo\/image\/\",\"url\":\"https:\/\/eventtech.olsztyn.pl\/wp-content\/uploads\/2025\/09\/EventTech_logo_biale-1.png\",\"contentUrl\":\"https:\/\/eventtech.olsztyn.pl\/wp-content\/uploads\/2025\/09\/EventTech_logo_biale-1.png\",\"width\":1187,\"height\":1187,\"caption\":\"EventTech Olsztyn\"},\"image\":{\"@id\":\"https:\/\/eventtech.olsztyn.pl\/#\/schema\/logo\/image\/\"},\"sameAs\":[\"https:\/\/www.facebook.com\/eventtech.olsztyn\"]}]}<\/script>\n<!-- \/ Yoast SEO plugin. -->","yoast_head_json":{"title":"REVY - EventTech Olsztyn","robots":{"index":"index","follow":"follow","max-snippet":"max-snippet:-1","max-image-preview":"max-image-preview:large","max-video-preview":"max-video-preview:-1"},"canonical":"https:\/\/eventtech.olsztyn.pl\/?page_id=387","og_locale":"pl_PL","og_type":"article","og_title":"REVY - EventTech Olsztyn","og_description":"REVY W\u0142a\u015bciwie Piotr Pietrewicz \u2013 DJ pochodz\u0105cy z I\u0142awy, od lat aktywnie dzia\u0142aj\u0105cy na rynku imprez okoliczno\u015bciowych. Specjalizuje si\u0119 w oprawie muzycznej wydarze\u0144 takich jak wesela, osiemnastki, jubileusze oraz imprezy firmowe. Znany z umiej\u0119tno\u015bci dopasowania repertuaru do charakteru wydarzenia i publiczno\u015bci, \u0142\u0105czy r\u00f3\u017cne gatunki muzyczne, dbaj\u0105c zar\u00f3wno o energi\u0119 na parkiecie, jak i p\u0142ynno\u015b\u0107 ca\u0142ego przebiegu imprezy. Jak sam podkre\u015bla, muzyka jest dla niego czym\u015b wi\u0119cej ni\u017c tylko d\u017awi\u0119kiem \u2013 to narz\u0119dzie do przekuwania emocji w brzmienie. Poprzez starannie dobrane utwory potrafi odda\u0107 uczucia, nastroje i historie uczestnik\u00f3w wydarzenia, tworz\u0105c atmosfer\u0119, kt\u00f3ra zostaje w pami\u0119ci na d\u0142ugo po zako\u0144czeniu imprezy.","og_url":"https:\/\/eventtech.olsztyn.pl\/?page_id=387","og_site_name":"EventTech Olsztyn","article_publisher":"https:\/\/www.facebook.com\/eventtech.olsztyn","article_modified_time":"2026-01-12T20:47:00+00:00","og_image":[{"width":2048,"height":1153,"url":"https:\/\/eventtech.olsztyn.pl\/wp-content\/uploads\/2025\/10\/538985943_122147747174762749_4910038540269695281_n-1.jpg","type":"image\/jpeg"}],"twitter_card":"summary_large_image","twitter_misc":{"Szacowany czas czytania":"1 minuta"},"schema":{"@context":"https:\/\/schema.org","@graph":[{"@type":"WebPage","@id":"https:\/\/eventtech.olsztyn.pl\/?page_id=387","url":"https:\/\/eventtech.olsztyn.pl\/?page_id=387","name":"REVY - EventTech Olsztyn","isPartOf":{"@id":"https:\/\/eventtech.olsztyn.pl\/#website"},"primaryImageOfPage":{"@id":"https:\/\/eventtech.olsztyn.pl\/?page_id=387#primaryimage"},"image":{"@id":"https:\/\/eventtech.olsztyn.pl\/?page_id=387#primaryimage"},"thumbnailUrl":"https:\/\/eventtech.olsztyn.pl\/wp-content\/uploads\/2025\/10\/538985943_122147747174762749_4910038540269695281_n-2.jpg","datePublished":"2026-01-07T09:16:40+00:00","dateModified":"2026-01-12T20:47:00+00:00","breadcrumb":{"@id":"https:\/\/eventtech.olsztyn.pl\/?page_id=387#breadcrumb"},"inLanguage":"pl-PL","potentialAction":[{"@type":"ReadAction","target":["https:\/\/eventtech.olsztyn.pl\/?page_id=387"]}]},{"@type":"ImageObject","inLanguage":"pl-PL","@id":"https:\/\/eventtech.olsztyn.pl\/?page_id=387#primaryimage","url":"https:\/\/eventtech.olsztyn.pl\/wp-content\/uploads\/2025\/10\/538985943_122147747174762749_4910038540269695281_n-2.jpg","contentUrl":"https:\/\/eventtech.olsztyn.pl\/wp-content\/uploads\/2025\/10\/538985943_122147747174762749_4910038540269695281_n-2.jpg","width":740,"height":740},{"@type":"BreadcrumbList","@id":"https:\/\/eventtech.olsztyn.pl\/?page_id=387#breadcrumb","itemListElement":[{"@type":"ListItem","position":1,"name":"Strona g\u0142\u00f3wna","item":"https:\/\/eventtech.olsztyn.pl\/"},{"@type":"ListItem","position":2,"name":"REVY"}]},{"@type":"WebSite","@id":"https:\/\/eventtech.olsztyn.pl\/#website","url":"https:\/\/eventtech.olsztyn.pl\/","name":"EventTech Olsztyn","description":"Olsztyn","publisher":{"@id":"https:\/\/eventtech.olsztyn.pl\/#organization"},"potentialAction":[{"@type":"SearchAction","target":{"@type":"EntryPoint","urlTemplate":"https:\/\/eventtech.olsztyn.pl\/?s={search_term_string}"},"query-input":{"@type":"PropertyValueSpecification","valueRequired":true,"valueName":"search_term_string"}}],"inLanguage":"pl-PL"},{"@type":"Organization","@id":"https:\/\/eventtech.olsztyn.pl\/#organization","name":"EventTech Olsztyn","url":"https:\/\/eventtech.olsztyn.pl\/","logo":{"@type":"ImageObject","inLanguage":"pl-PL","@id":"https:\/\/eventtech.olsztyn.pl\/#\/schema\/logo\/image\/","url":"https:\/\/eventtech.olsztyn.pl\/wp-content\/uploads\/2025\/09\/EventTech_logo_biale-1.png","contentUrl":"https:\/\/eventtech.olsztyn.pl\/wp-content\/uploads\/2025\/09\/EventTech_logo_biale-1.png","width":1187,"height":1187,"caption":"EventTech Olsztyn"},"image":{"@id":"https:\/\/eventtech.olsztyn.pl\/#\/schema\/logo\/image\/"},"sameAs":["https:\/\/www.facebook.com\/eventtech.olsztyn"]}]}},"_links":{"self":[{"href":"https:\/\/eventtech.olsztyn.pl\/index.php?rest_route=\/wp\/v2\/pages\/387","targetHints":{"allow":["GET"]}}],"collection":[{"href":"https:\/\/eventtech.olsztyn.pl\/index.php?rest_route=\/wp\/v2\/pages"}],"about":[{"href":"https:\/\/eventtech.olsztyn.pl\/index.php?rest_route=\/wp\/v2\/types\/page"}],"author":[{"embeddable":true,"href":"https:\/\/eventtech.olsztyn.pl\/index.php?rest_route=\/wp\/v2\/users\/1"}],"replies":[{"embeddable":true,"href":"https:\/\/eventtech.olsztyn.pl\/index.php?rest_route=%2Fwp%2Fv2%2Fcomments&post=387"}],"version-history":[{"count":10,"href":"https:\/\/eventtech.olsztyn.pl\/index.php?rest_route=\/wp\/v2\/pages\/387\/revisions"}],"predecessor-version":[{"id":537,"href":"https:\/\/eventtech.olsztyn.pl\/index.php?rest_route=\/wp\/v2\/pages\/387\/revisions\/537"}],"wp:attachment":[{"href":"https:\/\/eventtech.olsztyn.pl\/index.php?rest_route=%2Fwp%2Fv2%2Fmedia&parent=387"}],"curies":[{"name":"wp","href":"https:\/\/api.w.org\/{rel}","templated":true}]}}