{"id":499,"date":"2026-01-07T10:33:24","date_gmt":"2026-01-07T09:33:24","guid":{"rendered":"https:\/\/eventtech.olsztyn.pl\/?page_id=499"},"modified":"2026-03-24T12:20:17","modified_gmt":"2026-03-24T11:20:17","slug":"vdj-mjx","status":"publish","type":"page","link":"https:\/\/eventtech.olsztyn.pl\/?page_id=499","title":{"rendered":"VDJ MJX"},"content":{"rendered":"\t\t<div data-elementor-type=\"wp-page\" data-elementor-id=\"499\" class=\"elementor elementor-499\">\n\t\t\t\t<div class=\"elementor-element elementor-element-6e44e8 e-grid e-con-boxed wpr-particle-no wpr-jarallax-no wpr-parallax-no wpr-sticky-section-no e-con e-parent\" data-id=\"6e44e8\" data-element_type=\"container\" data-e-type=\"container\">\n\t\t\t\t\t<div class=\"e-con-inner\">\n\t\t\t\t<div class=\"elementor-element elementor-element-28c6ed37 elementor-widget elementor-widget-text-editor\" data-id=\"28c6ed37\" data-element_type=\"widget\" data-e-type=\"widget\" data-widget_type=\"text-editor.default\">\n\t\t\t\t\t\t\t\t\t<h3><strong>VDJ MJX<br \/><\/strong><\/h3><p data-start=\"13\" data-end=\"421\">W\u0142a\u015bciwie Mateusz Jasko \u2013 DJ i realizator d\u017awi\u0119ku z Olsztyna, aktywnie dzia\u0142aj\u0105cy w bran\u017cy eventowej. Zajmuje si\u0119 opraw\u0105 muzyczn\u0105 imprez okoliczno\u015bciowych, takich jak wesela, osiemnastki czy wydarzenia firmowe, jednak jego szczeg\u00f3ln\u0105 specjalizacj\u0105 s\u0105 imprezy sportowe. Doskonale odnajduje si\u0119 w dynamicznym \u015brodowisku hal i stadion\u00f3w, gdzie muzyka, timing i emocje publiczno\u015bci musz\u0105 tworzy\u0107 sp\u00f3jn\u0105 ca\u0142o\u015b\u0107.<\/p><p data-start=\"423\" data-end=\"767\" data-is-last-node=\"\" data-is-only-node=\"\">Jego sety i realizacje cechuj\u0105 si\u0119 precyzj\u0105, energi\u0105 oraz wyczuciem momentu \u2013 od budowania napi\u0119cia przed startem, przez podkre\u015blanie kluczowych akcji, a\u017c po celebracj\u0119 zwyci\u0119stw. Dla Mateusza muzyka jest narz\u0119dziem wzmacniania sportowych emocji i nap\u0119dzania publiczno\u015bci, dzi\u0119ki czemu ka\u017cde wydarzenie zyskuje profesjonaln\u0105, widowiskow\u0105 opraw\u0119.<\/p>\t\t\t\t\t\t\t\t<\/div>\n\t\t\t\t<div class=\"elementor-element elementor-element-ea34e13 elementor-widget elementor-widget-image\" data-id=\"ea34e13\" data-element_type=\"widget\" data-e-type=\"widget\" data-widget_type=\"image.default\">\n\t\t\t\t\t\t\t\t\t\t\t\t\t\t\t<img fetchpriority=\"high\" decoding=\"async\" width=\"1024\" height=\"1024\" src=\"https:\/\/eventtech.olsztyn.pl\/wp-content\/uploads\/2026\/03\/651878368_1281639277237955_6411799245189526331_n-1024x1024.jpg\" class=\"attachment-large size-large wp-image-592\" alt=\"\" srcset=\"https:\/\/eventtech.olsztyn.pl\/wp-content\/uploads\/2026\/03\/651878368_1281639277237955_6411799245189526331_n-1024x1024.jpg 1024w, https:\/\/eventtech.olsztyn.pl\/wp-content\/uploads\/2026\/03\/651878368_1281639277237955_6411799245189526331_n-300x300.jpg 300w, https:\/\/eventtech.olsztyn.pl\/wp-content\/uploads\/2026\/03\/651878368_1281639277237955_6411799245189526331_n-150x150.jpg 150w, https:\/\/eventtech.olsztyn.pl\/wp-content\/uploads\/2026\/03\/651878368_1281639277237955_6411799245189526331_n-768x768.jpg 768w, https:\/\/eventtech.olsztyn.pl\/wp-content\/uploads\/2026\/03\/651878368_1281639277237955_6411799245189526331_n-1536x1536.jpg 1536w, https:\/\/eventtech.olsztyn.pl\/wp-content\/uploads\/2026\/03\/651878368_1281639277237955_6411799245189526331_n-500x500.jpg 500w, https:\/\/eventtech.olsztyn.pl\/wp-content\/uploads\/2026\/03\/651878368_1281639277237955_6411799245189526331_n-800x800.jpg 800w, https:\/\/eventtech.olsztyn.pl\/wp-content\/uploads\/2026\/03\/651878368_1281639277237955_6411799245189526331_n-1280x1280.jpg 1280w, https:\/\/eventtech.olsztyn.pl\/wp-content\/uploads\/2026\/03\/651878368_1281639277237955_6411799245189526331_n-1920x1920.jpg 1920w, https:\/\/eventtech.olsztyn.pl\/wp-content\/uploads\/2026\/03\/651878368_1281639277237955_6411799245189526331_n.jpg 2048w\" sizes=\"(max-width: 1024px) 100vw, 1024px\" \/>\t\t\t\t\t\t\t\t\t\t\t\t\t\t\t<\/div>\n\t\t\t\t\t<\/div>\n\t\t\t\t<\/div>\n\t\t<div class=\"elementor-element elementor-element-851559a e-grid e-con-boxed wpr-particle-no wpr-jarallax-no wpr-parallax-no wpr-sticky-section-no e-con e-parent\" data-id=\"851559a\" data-element_type=\"container\" data-e-type=\"container\">\n\t\t\t\t\t<div class=\"e-con-inner\">\n\t\t\t\t<div class=\"elementor-element elementor-element-cb34ce2 elementor-widget elementor-widget-image\" data-id=\"cb34ce2\" data-element_type=\"widget\" data-e-type=\"widget\" data-widget_type=\"image.default\">\n\t\t\t\t\t\t\t\t\t\t\t\t\t\t\t<img decoding=\"async\" width=\"1024\" height=\"577\" src=\"https:\/\/eventtech.olsztyn.pl\/wp-content\/uploads\/2025\/09\/d7c3795bcbd255e85043b686d2368f00-e1767778296815-1024x577.jpg\" class=\"attachment-large size-large wp-image-16\" alt=\"\" srcset=\"https:\/\/eventtech.olsztyn.pl\/wp-content\/uploads\/2025\/09\/d7c3795bcbd255e85043b686d2368f00-e1767778296815-1024x577.jpg 1024w, https:\/\/eventtech.olsztyn.pl\/wp-content\/uploads\/2025\/09\/d7c3795bcbd255e85043b686d2368f00-e1767778296815-300x169.jpg 300w, https:\/\/eventtech.olsztyn.pl\/wp-content\/uploads\/2025\/09\/d7c3795bcbd255e85043b686d2368f00-e1767778296815-768x433.jpg 768w, https:\/\/eventtech.olsztyn.pl\/wp-content\/uploads\/2025\/09\/d7c3795bcbd255e85043b686d2368f00-e1767778296815-1536x866.jpg 1536w, https:\/\/eventtech.olsztyn.pl\/wp-content\/uploads\/2025\/09\/d7c3795bcbd255e85043b686d2368f00-e1767778296815.jpg 1620w\" sizes=\"(max-width: 1024px) 100vw, 1024px\" \/>\t\t\t\t\t\t\t\t\t\t\t\t\t\t\t<\/div>\n\t\t\t\t<div class=\"elementor-element elementor-element-2cba2ab elementor-widget elementor-widget-image\" data-id=\"2cba2ab\" data-element_type=\"widget\" data-e-type=\"widget\" data-widget_type=\"image.default\">\n\t\t\t\t\t\t\t\t\t\t\t\t\t\t\t<img decoding=\"async\" width=\"1024\" height=\"577\" src=\"https:\/\/eventtech.olsztyn.pl\/wp-content\/uploads\/2026\/01\/591972581_122161880294762749_4816294343411169493_n-e1767778230260-1024x577.jpg\" class=\"attachment-large size-large wp-image-505\" alt=\"\" srcset=\"https:\/\/eventtech.olsztyn.pl\/wp-content\/uploads\/2026\/01\/591972581_122161880294762749_4816294343411169493_n-e1767778230260-1024x577.jpg 1024w, https:\/\/eventtech.olsztyn.pl\/wp-content\/uploads\/2026\/01\/591972581_122161880294762749_4816294343411169493_n-e1767778230260-300x169.jpg 300w, https:\/\/eventtech.olsztyn.pl\/wp-content\/uploads\/2026\/01\/591972581_122161880294762749_4816294343411169493_n-e1767778230260-768x433.jpg 768w, https:\/\/eventtech.olsztyn.pl\/wp-content\/uploads\/2026\/01\/591972581_122161880294762749_4816294343411169493_n-e1767778230260-1536x865.jpg 1536w, https:\/\/eventtech.olsztyn.pl\/wp-content\/uploads\/2026\/01\/591972581_122161880294762749_4816294343411169493_n-e1767778230260.jpg 1956w\" sizes=\"(max-width: 1024px) 100vw, 1024px\" \/>\t\t\t\t\t\t\t\t\t\t\t\t\t\t\t<\/div>\n\t\t\t\t<div class=\"elementor-element elementor-element-48690f7 elementor-widget elementor-widget-image\" data-id=\"48690f7\" data-element_type=\"widget\" data-e-type=\"widget\" data-widget_type=\"image.default\">\n\t\t\t\t\t\t\t\t\t\t\t\t\t\t\t<img loading=\"lazy\" decoding=\"async\" width=\"1024\" height=\"577\" src=\"https:\/\/eventtech.olsztyn.pl\/wp-content\/uploads\/2026\/01\/515501685_122139272132762749_562841718749866692_n-e1767778246155-1024x577.jpg\" class=\"attachment-large size-large wp-image-504\" alt=\"\" srcset=\"https:\/\/eventtech.olsztyn.pl\/wp-content\/uploads\/2026\/01\/515501685_122139272132762749_562841718749866692_n-e1767778246155-1024x577.jpg 1024w, https:\/\/eventtech.olsztyn.pl\/wp-content\/uploads\/2026\/01\/515501685_122139272132762749_562841718749866692_n-e1767778246155-300x169.jpg 300w, https:\/\/eventtech.olsztyn.pl\/wp-content\/uploads\/2026\/01\/515501685_122139272132762749_562841718749866692_n-e1767778246155-768x433.jpg 768w, https:\/\/eventtech.olsztyn.pl\/wp-content\/uploads\/2026\/01\/515501685_122139272132762749_562841718749866692_n-e1767778246155-1536x866.jpg 1536w, https:\/\/eventtech.olsztyn.pl\/wp-content\/uploads\/2026\/01\/515501685_122139272132762749_562841718749866692_n-e1767778246155.jpg 2048w\" sizes=\"(max-width: 1024px) 100vw, 1024px\" \/>\t\t\t\t\t\t\t\t\t\t\t\t\t\t\t<\/div>\n\t\t\t\t<div class=\"elementor-element elementor-element-2e51efa elementor-widget elementor-widget-image\" data-id=\"2e51efa\" data-element_type=\"widget\" data-e-type=\"widget\" data-widget_type=\"image.default\">\n\t\t\t\t\t\t\t\t\t\t\t\t\t\t\t<img loading=\"lazy\" decoding=\"async\" width=\"1024\" height=\"576\" src=\"https:\/\/eventtech.olsztyn.pl\/wp-content\/uploads\/2026\/01\/582425995_122159624108762749_7601905332177475736_n-e1767778439614-1024x576.jpg\" class=\"attachment-large size-large wp-image-506\" alt=\"\" srcset=\"https:\/\/eventtech.olsztyn.pl\/wp-content\/uploads\/2026\/01\/582425995_122159624108762749_7601905332177475736_n-e1767778439614-1024x576.jpg 1024w, https:\/\/eventtech.olsztyn.pl\/wp-content\/uploads\/2026\/01\/582425995_122159624108762749_7601905332177475736_n-e1767778439614-300x169.jpg 300w, https:\/\/eventtech.olsztyn.pl\/wp-content\/uploads\/2026\/01\/582425995_122159624108762749_7601905332177475736_n-e1767778439614-768x432.jpg 768w, https:\/\/eventtech.olsztyn.pl\/wp-content\/uploads\/2026\/01\/582425995_122159624108762749_7601905332177475736_n-e1767778439614.jpg 1365w\" sizes=\"(max-width: 1024px) 100vw, 1024px\" \/>\t\t\t\t\t\t\t\t\t\t\t\t\t\t\t<\/div>\n\t\t\t\t\t<\/div>\n\t\t\t\t<\/div>\n\t\t<div class=\"elementor-element elementor-element-9a28112 e-flex e-con-boxed wpr-particle-no wpr-jarallax-no wpr-parallax-no wpr-sticky-section-no e-con e-parent\" data-id=\"9a28112\" data-element_type=\"container\" data-e-type=\"container\">\n\t\t\t\t\t<div class=\"e-con-inner\">\n\t\t\t\t<div class=\"elementor-element elementor-element-5635d9a elementor-widget-divider--view-line elementor-widget elementor-widget-divider\" data-id=\"5635d9a\" data-element_type=\"widget\" data-e-type=\"widget\" data-widget_type=\"divider.default\">\n\t\t\t\t\t\t\t<div class=\"elementor-divider\">\n\t\t\t<span class=\"elementor-divider-separator\">\n\t\t\t\t\t\t<\/span>\n\t\t<\/div>\n\t\t\t\t\t\t<\/div>\n\t\t\t\t\t<\/div>\n\t\t\t\t<\/div>\n\t\t<div class=\"elementor-element elementor-element-52b2933 e-grid e-con-boxed wpr-particle-no wpr-jarallax-no wpr-parallax-no wpr-sticky-section-no e-con e-parent\" data-id=\"52b2933\" data-element_type=\"container\" data-e-type=\"container\">\n\t\t\t\t\t<div class=\"e-con-inner\">\n\t\t\t\t<div class=\"elementor-element elementor-element-8f2263a elementor-widget elementor-widget-video\" data-id=\"8f2263a\" data-element_type=\"widget\" data-e-type=\"widget\" data-settings=\"{&quot;youtube_url&quot;:&quot;https:\\\/\\\/youtu.be\\\/_8Q3x4QjCks?si=87-qI80ld6Ku1wsz&quot;,&quot;video_type&quot;:&quot;youtube&quot;,&quot;controls&quot;:&quot;yes&quot;}\" data-widget_type=\"video.default\">\n\t\t\t\t\t\t\t<div class=\"elementor-wrapper elementor-open-inline\">\n\t\t\t<div class=\"elementor-video\"><\/div>\t\t<\/div>\n\t\t\t\t\t\t<\/div>\n\t\t\t\t<div class=\"elementor-element elementor-element-85f49ad elementor-widget elementor-widget-video\" data-id=\"85f49ad\" data-element_type=\"widget\" data-e-type=\"widget\" data-settings=\"{&quot;youtube_url&quot;:&quot;https:\\\/\\\/youtu.be\\\/r36m8-obhEk?si=ej_iJEwfqQevJ8Vb&quot;,&quot;video_type&quot;:&quot;youtube&quot;,&quot;controls&quot;:&quot;yes&quot;}\" data-widget_type=\"video.default\">\n\t\t\t\t\t\t\t<div class=\"elementor-wrapper elementor-open-inline\">\n\t\t\t<div class=\"elementor-video\"><\/div>\t\t<\/div>\n\t\t\t\t\t\t<\/div>\n\t\t\t\t<div class=\"elementor-element elementor-element-ef88e2c elementor-widget elementor-widget-video\" data-id=\"ef88e2c\" data-element_type=\"widget\" data-e-type=\"widget\" data-settings=\"{&quot;youtube_url&quot;:&quot;https:\\\/\\\/youtu.be\\\/iWcmhSEBCDY?si=z4szNd35eEj0HqdA&quot;,&quot;video_type&quot;:&quot;youtube&quot;,&quot;controls&quot;:&quot;yes&quot;}\" data-widget_type=\"video.default\">\n\t\t\t\t\t\t\t<div class=\"elementor-wrapper elementor-open-inline\">\n\t\t\t<div class=\"elementor-video\"><\/div>\t\t<\/div>\n\t\t\t\t\t\t<\/div>\n\t\t\t\t<div class=\"elementor-element elementor-element-f815b16 elementor-widget elementor-widget-video\" data-id=\"f815b16\" data-element_type=\"widget\" data-e-type=\"widget\" data-settings=\"{&quot;youtube_url&quot;:&quot;https:\\\/\\\/youtu.be\\\/njn5wRYVc1s?si=wlpuSXHJm6xU2WXw&quot;,&quot;video_type&quot;:&quot;youtube&quot;,&quot;controls&quot;:&quot;yes&quot;}\" data-widget_type=\"video.default\">\n\t\t\t\t\t\t\t<div class=\"elementor-wrapper elementor-open-inline\">\n\t\t\t<div class=\"elementor-video\"><\/div>\t\t<\/div>\n\t\t\t\t\t\t<\/div>\n\t\t\t\t\t<\/div>\n\t\t\t\t<\/div>\n\t\t\t\t<\/div>\n\t\t","protected":false},"excerpt":{"rendered":"<p>VDJ MJX W\u0142a\u015bciwie Mateusz Jasko \u2013 DJ i realizator d\u017awi\u0119ku z Olsztyna, aktywnie dzia\u0142aj\u0105cy w bran\u017cy eventowej. Zajmuje si\u0119 opraw\u0105 muzyczn\u0105 imprez okoliczno\u015bciowych, takich jak wesela, osiemnastki czy wydarzenia firmowe, jednak jego szczeg\u00f3ln\u0105 specjalizacj\u0105 s\u0105 imprezy sportowe. Doskonale odnajduje si\u0119 w dynamicznym \u015brodowisku hal i stadion\u00f3w, gdzie muzyka, timing i emocje publiczno\u015bci musz\u0105 tworzy\u0107 sp\u00f3jn\u0105 ca\u0142o\u015b\u0107. Jego sety i realizacje cechuj\u0105 si\u0119 precyzj\u0105, energi\u0105 oraz wyczuciem momentu \u2013 od budowania napi\u0119cia przed startem, przez podkre\u015blanie kluczowych akcji, a\u017c po celebracj\u0119 zwyci\u0119stw. Dla Mateusza muzyka jest narz\u0119dziem wzmacniania sportowych emocji i nap\u0119dzania publiczno\u015bci, dzi\u0119ki czemu ka\u017cde wydarzenie zyskuje profesjonaln\u0105, widowiskow\u0105 opraw\u0119.<\/p>\n","protected":false},"author":1,"featured_media":0,"parent":0,"menu_order":0,"comment_status":"closed","ping_status":"closed","template":"","meta":{"_vp_format_video_url":"","_vp_image_focal_point":[],"footnotes":""},"class_list":["post-499","page","type-page","status-publish"],"yoast_head":"<!-- This site is optimized with the Yoast SEO plugin v27.2 - https:\/\/yoast.com\/product\/yoast-seo-wordpress\/ -->\n<title>VDJ MJX - EventTech Olsztyn<\/title>\n<meta name=\"robots\" content=\"index, follow, max-snippet:-1, max-image-preview:large, max-video-preview:-1\" \/>\n<link rel=\"canonical\" href=\"https:\/\/eventtech.olsztyn.pl\/?page_id=499\" \/>\n<meta property=\"og:locale\" content=\"pl_PL\" \/>\n<meta property=\"og:type\" content=\"article\" \/>\n<meta property=\"og:title\" content=\"VDJ MJX - EventTech Olsztyn\" \/>\n<meta property=\"og:description\" content=\"VDJ MJX W\u0142a\u015bciwie Mateusz Jasko \u2013 DJ i realizator d\u017awi\u0119ku z Olsztyna, aktywnie dzia\u0142aj\u0105cy w bran\u017cy eventowej. Zajmuje si\u0119 opraw\u0105 muzyczn\u0105 imprez okoliczno\u015bciowych, takich jak wesela, osiemnastki czy wydarzenia firmowe, jednak jego szczeg\u00f3ln\u0105 specjalizacj\u0105 s\u0105 imprezy sportowe. Doskonale odnajduje si\u0119 w dynamicznym \u015brodowisku hal i stadion\u00f3w, gdzie muzyka, timing i emocje publiczno\u015bci musz\u0105 tworzy\u0107 sp\u00f3jn\u0105 ca\u0142o\u015b\u0107. Jego sety i realizacje cechuj\u0105 si\u0119 precyzj\u0105, energi\u0105 oraz wyczuciem momentu \u2013 od budowania napi\u0119cia przed startem, przez podkre\u015blanie kluczowych akcji, a\u017c po celebracj\u0119 zwyci\u0119stw. Dla Mateusza muzyka jest narz\u0119dziem wzmacniania sportowych emocji i nap\u0119dzania publiczno\u015bci, dzi\u0119ki czemu ka\u017cde wydarzenie zyskuje profesjonaln\u0105, widowiskow\u0105 opraw\u0119.\" \/>\n<meta property=\"og:url\" content=\"https:\/\/eventtech.olsztyn.pl\/?page_id=499\" \/>\n<meta property=\"og:site_name\" content=\"EventTech Olsztyn\" \/>\n<meta property=\"article:publisher\" content=\"https:\/\/www.facebook.com\/eventtech.olsztyn\" \/>\n<meta property=\"article:modified_time\" content=\"2026-03-24T11:20:17+00:00\" \/>\n<meta property=\"og:image\" content=\"https:\/\/eventtech.olsztyn.pl\/wp-content\/uploads\/2026\/03\/651878368_1281639277237955_6411799245189526331_n-1024x1024.jpg\" \/>\n<meta name=\"twitter:card\" content=\"summary_large_image\" \/>\n<meta name=\"twitter:label1\" content=\"Szacowany czas czytania\" \/>\n\t<meta name=\"twitter:data1\" content=\"1 minuta\" \/>\n<script type=\"application\/ld+json\" class=\"yoast-schema-graph\">{\"@context\":\"https:\/\/schema.org\",\"@graph\":[{\"@type\":\"WebPage\",\"@id\":\"https:\/\/eventtech.olsztyn.pl\/?page_id=499\",\"url\":\"https:\/\/eventtech.olsztyn.pl\/?page_id=499\",\"name\":\"VDJ MJX - EventTech Olsztyn\",\"isPartOf\":{\"@id\":\"https:\/\/eventtech.olsztyn.pl\/#website\"},\"primaryImageOfPage\":{\"@id\":\"https:\/\/eventtech.olsztyn.pl\/?page_id=499#primaryimage\"},\"image\":{\"@id\":\"https:\/\/eventtech.olsztyn.pl\/?page_id=499#primaryimage\"},\"thumbnailUrl\":\"https:\/\/eventtech.olsztyn.pl\/wp-content\/uploads\/2026\/03\/651878368_1281639277237955_6411799245189526331_n-1024x1024.jpg\",\"datePublished\":\"2026-01-07T09:33:24+00:00\",\"dateModified\":\"2026-03-24T11:20:17+00:00\",\"breadcrumb\":{\"@id\":\"https:\/\/eventtech.olsztyn.pl\/?page_id=499#breadcrumb\"},\"inLanguage\":\"pl-PL\",\"potentialAction\":[{\"@type\":\"ReadAction\",\"target\":[\"https:\/\/eventtech.olsztyn.pl\/?page_id=499\"]}]},{\"@type\":\"ImageObject\",\"inLanguage\":\"pl-PL\",\"@id\":\"https:\/\/eventtech.olsztyn.pl\/?page_id=499#primaryimage\",\"url\":\"https:\/\/eventtech.olsztyn.pl\/wp-content\/uploads\/2026\/03\/651878368_1281639277237955_6411799245189526331_n.jpg\",\"contentUrl\":\"https:\/\/eventtech.olsztyn.pl\/wp-content\/uploads\/2026\/03\/651878368_1281639277237955_6411799245189526331_n.jpg\",\"width\":2048,\"height\":2048},{\"@type\":\"BreadcrumbList\",\"@id\":\"https:\/\/eventtech.olsztyn.pl\/?page_id=499#breadcrumb\",\"itemListElement\":[{\"@type\":\"ListItem\",\"position\":1,\"name\":\"Strona g\u0142\u00f3wna\",\"item\":\"https:\/\/eventtech.olsztyn.pl\/\"},{\"@type\":\"ListItem\",\"position\":2,\"name\":\"VDJ MJX\"}]},{\"@type\":\"WebSite\",\"@id\":\"https:\/\/eventtech.olsztyn.pl\/#website\",\"url\":\"https:\/\/eventtech.olsztyn.pl\/\",\"name\":\"EventTech Olsztyn\",\"description\":\"Olsztyn\",\"publisher\":{\"@id\":\"https:\/\/eventtech.olsztyn.pl\/#organization\"},\"potentialAction\":[{\"@type\":\"SearchAction\",\"target\":{\"@type\":\"EntryPoint\",\"urlTemplate\":\"https:\/\/eventtech.olsztyn.pl\/?s={search_term_string}\"},\"query-input\":{\"@type\":\"PropertyValueSpecification\",\"valueRequired\":true,\"valueName\":\"search_term_string\"}}],\"inLanguage\":\"pl-PL\"},{\"@type\":\"Organization\",\"@id\":\"https:\/\/eventtech.olsztyn.pl\/#organization\",\"name\":\"EventTech Olsztyn\",\"url\":\"https:\/\/eventtech.olsztyn.pl\/\",\"logo\":{\"@type\":\"ImageObject\",\"inLanguage\":\"pl-PL\",\"@id\":\"https:\/\/eventtech.olsztyn.pl\/#\/schema\/logo\/image\/\",\"url\":\"https:\/\/eventtech.olsztyn.pl\/wp-content\/uploads\/2025\/09\/EventTech_logo_biale-1.png\",\"contentUrl\":\"https:\/\/eventtech.olsztyn.pl\/wp-content\/uploads\/2025\/09\/EventTech_logo_biale-1.png\",\"width\":1187,\"height\":1187,\"caption\":\"EventTech Olsztyn\"},\"image\":{\"@id\":\"https:\/\/eventtech.olsztyn.pl\/#\/schema\/logo\/image\/\"},\"sameAs\":[\"https:\/\/www.facebook.com\/eventtech.olsztyn\"]}]}<\/script>\n<!-- \/ Yoast SEO plugin. -->","yoast_head_json":{"title":"VDJ MJX - EventTech Olsztyn","robots":{"index":"index","follow":"follow","max-snippet":"max-snippet:-1","max-image-preview":"max-image-preview:large","max-video-preview":"max-video-preview:-1"},"canonical":"https:\/\/eventtech.olsztyn.pl\/?page_id=499","og_locale":"pl_PL","og_type":"article","og_title":"VDJ MJX - EventTech Olsztyn","og_description":"VDJ MJX W\u0142a\u015bciwie Mateusz Jasko \u2013 DJ i realizator d\u017awi\u0119ku z Olsztyna, aktywnie dzia\u0142aj\u0105cy w bran\u017cy eventowej. Zajmuje si\u0119 opraw\u0105 muzyczn\u0105 imprez okoliczno\u015bciowych, takich jak wesela, osiemnastki czy wydarzenia firmowe, jednak jego szczeg\u00f3ln\u0105 specjalizacj\u0105 s\u0105 imprezy sportowe. Doskonale odnajduje si\u0119 w dynamicznym \u015brodowisku hal i stadion\u00f3w, gdzie muzyka, timing i emocje publiczno\u015bci musz\u0105 tworzy\u0107 sp\u00f3jn\u0105 ca\u0142o\u015b\u0107. Jego sety i realizacje cechuj\u0105 si\u0119 precyzj\u0105, energi\u0105 oraz wyczuciem momentu \u2013 od budowania napi\u0119cia przed startem, przez podkre\u015blanie kluczowych akcji, a\u017c po celebracj\u0119 zwyci\u0119stw. Dla Mateusza muzyka jest narz\u0119dziem wzmacniania sportowych emocji i nap\u0119dzania publiczno\u015bci, dzi\u0119ki czemu ka\u017cde wydarzenie zyskuje profesjonaln\u0105, widowiskow\u0105 opraw\u0119.","og_url":"https:\/\/eventtech.olsztyn.pl\/?page_id=499","og_site_name":"EventTech Olsztyn","article_publisher":"https:\/\/www.facebook.com\/eventtech.olsztyn","article_modified_time":"2026-03-24T11:20:17+00:00","og_image":[{"url":"https:\/\/eventtech.olsztyn.pl\/wp-content\/uploads\/2026\/03\/651878368_1281639277237955_6411799245189526331_n-1024x1024.jpg","type":"","width":"","height":""}],"twitter_card":"summary_large_image","twitter_misc":{"Szacowany czas czytania":"1 minuta"},"schema":{"@context":"https:\/\/schema.org","@graph":[{"@type":"WebPage","@id":"https:\/\/eventtech.olsztyn.pl\/?page_id=499","url":"https:\/\/eventtech.olsztyn.pl\/?page_id=499","name":"VDJ MJX - EventTech Olsztyn","isPartOf":{"@id":"https:\/\/eventtech.olsztyn.pl\/#website"},"primaryImageOfPage":{"@id":"https:\/\/eventtech.olsztyn.pl\/?page_id=499#primaryimage"},"image":{"@id":"https:\/\/eventtech.olsztyn.pl\/?page_id=499#primaryimage"},"thumbnailUrl":"https:\/\/eventtech.olsztyn.pl\/wp-content\/uploads\/2026\/03\/651878368_1281639277237955_6411799245189526331_n-1024x1024.jpg","datePublished":"2026-01-07T09:33:24+00:00","dateModified":"2026-03-24T11:20:17+00:00","breadcrumb":{"@id":"https:\/\/eventtech.olsztyn.pl\/?page_id=499#breadcrumb"},"inLanguage":"pl-PL","potentialAction":[{"@type":"ReadAction","target":["https:\/\/eventtech.olsztyn.pl\/?page_id=499"]}]},{"@type":"ImageObject","inLanguage":"pl-PL","@id":"https:\/\/eventtech.olsztyn.pl\/?page_id=499#primaryimage","url":"https:\/\/eventtech.olsztyn.pl\/wp-content\/uploads\/2026\/03\/651878368_1281639277237955_6411799245189526331_n.jpg","contentUrl":"https:\/\/eventtech.olsztyn.pl\/wp-content\/uploads\/2026\/03\/651878368_1281639277237955_6411799245189526331_n.jpg","width":2048,"height":2048},{"@type":"BreadcrumbList","@id":"https:\/\/eventtech.olsztyn.pl\/?page_id=499#breadcrumb","itemListElement":[{"@type":"ListItem","position":1,"name":"Strona g\u0142\u00f3wna","item":"https:\/\/eventtech.olsztyn.pl\/"},{"@type":"ListItem","position":2,"name":"VDJ MJX"}]},{"@type":"WebSite","@id":"https:\/\/eventtech.olsztyn.pl\/#website","url":"https:\/\/eventtech.olsztyn.pl\/","name":"EventTech Olsztyn","description":"Olsztyn","publisher":{"@id":"https:\/\/eventtech.olsztyn.pl\/#organization"},"potentialAction":[{"@type":"SearchAction","target":{"@type":"EntryPoint","urlTemplate":"https:\/\/eventtech.olsztyn.pl\/?s={search_term_string}"},"query-input":{"@type":"PropertyValueSpecification","valueRequired":true,"valueName":"search_term_string"}}],"inLanguage":"pl-PL"},{"@type":"Organization","@id":"https:\/\/eventtech.olsztyn.pl\/#organization","name":"EventTech Olsztyn","url":"https:\/\/eventtech.olsztyn.pl\/","logo":{"@type":"ImageObject","inLanguage":"pl-PL","@id":"https:\/\/eventtech.olsztyn.pl\/#\/schema\/logo\/image\/","url":"https:\/\/eventtech.olsztyn.pl\/wp-content\/uploads\/2025\/09\/EventTech_logo_biale-1.png","contentUrl":"https:\/\/eventtech.olsztyn.pl\/wp-content\/uploads\/2025\/09\/EventTech_logo_biale-1.png","width":1187,"height":1187,"caption":"EventTech Olsztyn"},"image":{"@id":"https:\/\/eventtech.olsztyn.pl\/#\/schema\/logo\/image\/"},"sameAs":["https:\/\/www.facebook.com\/eventtech.olsztyn"]}]}},"_links":{"self":[{"href":"https:\/\/eventtech.olsztyn.pl\/index.php?rest_route=\/wp\/v2\/pages\/499","targetHints":{"allow":["GET"]}}],"collection":[{"href":"https:\/\/eventtech.olsztyn.pl\/index.php?rest_route=\/wp\/v2\/pages"}],"about":[{"href":"https:\/\/eventtech.olsztyn.pl\/index.php?rest_route=\/wp\/v2\/types\/page"}],"author":[{"embeddable":true,"href":"https:\/\/eventtech.olsztyn.pl\/index.php?rest_route=\/wp\/v2\/users\/1"}],"replies":[{"embeddable":true,"href":"https:\/\/eventtech.olsztyn.pl\/index.php?rest_route=%2Fwp%2Fv2%2Fcomments&post=499"}],"version-history":[{"count":10,"href":"https:\/\/eventtech.olsztyn.pl\/index.php?rest_route=\/wp\/v2\/pages\/499\/revisions"}],"predecessor-version":[{"id":598,"href":"https:\/\/eventtech.olsztyn.pl\/index.php?rest_route=\/wp\/v2\/pages\/499\/revisions\/598"}],"wp:attachment":[{"href":"https:\/\/eventtech.olsztyn.pl\/index.php?rest_route=%2Fwp%2Fv2%2Fmedia&parent=499"}],"curies":[{"name":"wp","href":"https:\/\/api.w.org\/{rel}","templated":true}]}}