{"id":513,"date":"2026-01-07T10:43:57","date_gmt":"2026-01-07T09:43:57","guid":{"rendered":"https:\/\/eventtech.olsztyn.pl\/?page_id=513"},"modified":"2026-01-07T10:44:57","modified_gmt":"2026-01-07T09:44:57","slug":"chamsys-magicq","status":"publish","type":"page","link":"https:\/\/eventtech.olsztyn.pl\/?page_id=513","title":{"rendered":"ChamSys MagicQ"},"content":{"rendered":"\t\t<div data-elementor-type=\"wp-page\" data-elementor-id=\"513\" class=\"elementor elementor-513\">\n\t\t\t\t<div class=\"elementor-element elementor-element-12e0d55e e-grid e-con-boxed wpr-particle-no wpr-jarallax-no wpr-parallax-no wpr-sticky-section-no e-con e-parent\" data-id=\"12e0d55e\" data-element_type=\"container\" data-e-type=\"container\">\n\t\t\t\t\t<div class=\"e-con-inner\">\n\t\t\t\t<div class=\"elementor-element elementor-element-61ab2f67 elementor-widget elementor-widget-text-editor\" data-id=\"61ab2f67\" data-element_type=\"widget\" data-e-type=\"widget\" data-widget_type=\"text-editor.default\">\n\t\t\t\t\t\t\t\t\t<h3><strong>ChamSys MagicQ<br \/><\/strong><\/h3><p data-start=\"20\" data-end=\"287\">ChamSys MagicQ to profesjonalny system sterowania o\u015bwietleniem, wykorzystywany na koncertach, eventach, w teatrach oraz podczas wydarze\u0144 sportowych. \u0141\u0105czy w sobie ogromne mo\u017cliwo\u015bci programowania z elastyczno\u015bci\u0105 pracy \u2013 od laptopa po pe\u0142noprawne konsole \u015bwiat\u0142owe.<\/p><p data-start=\"289\" data-end=\"647\">MagicQ pozwala tworzy\u0107 dynamiczne sceny, efektowne przej\u015bcia i precyzyjnie zaplanowane cue, dzi\u0119ki czemu \u015bwiat\u0142o staje si\u0119 integraln\u0105 cz\u0119\u015bci\u0105 widowiska. Obs\u0142uga nowoczesnych protoko\u0142\u00f3w sieciowych oraz szerokiej gamy urz\u0105dze\u0144 o\u015bwietleniowych sprawia, \u017ce system doskonale sprawdza si\u0119 zar\u00f3wno w mniejszych realizacjach, jak i w du\u017cych, z\u0142o\u017conych produkcjach.<\/p><p data-start=\"649\" data-end=\"800\" data-is-last-node=\"\" data-is-only-node=\"\">To narz\u0119dzie dla tych, kt\u00f3rzy traktuj\u0105 \u015bwiat\u0142o nie tylko jako technik\u0119, ale jako \u015brodek wyrazu \u2013 buduj\u0105cy klimat, emocje i dynamik\u0119 ka\u017cdego wydarzenia.<\/p>\t\t\t\t\t\t\t\t<\/div>\n\t\t\t\t<div class=\"elementor-element elementor-element-1d76469e elementor-widget elementor-widget-image\" data-id=\"1d76469e\" data-element_type=\"widget\" data-e-type=\"widget\" data-widget_type=\"image.default\">\n\t\t\t\t\t\t\t\t\t\t\t\t\t\t\t<img fetchpriority=\"high\" decoding=\"async\" width=\"1024\" height=\"577\" src=\"https:\/\/eventtech.olsztyn.pl\/wp-content\/uploads\/2025\/10\/20250927_143347792_iOS_0-scaled-e1761203760979-1024x577.jpg\" class=\"attachment-large size-large wp-image-397\" alt=\"\" srcset=\"https:\/\/eventtech.olsztyn.pl\/wp-content\/uploads\/2025\/10\/20250927_143347792_iOS_0-scaled-e1761203760979-1024x577.jpg 1024w, https:\/\/eventtech.olsztyn.pl\/wp-content\/uploads\/2025\/10\/20250927_143347792_iOS_0-scaled-e1761203760979-300x169.jpg 300w, https:\/\/eventtech.olsztyn.pl\/wp-content\/uploads\/2025\/10\/20250927_143347792_iOS_0-scaled-e1761203760979-768x433.jpg 768w, https:\/\/eventtech.olsztyn.pl\/wp-content\/uploads\/2025\/10\/20250927_143347792_iOS_0-scaled-e1761203760979-1536x865.jpg 1536w, https:\/\/eventtech.olsztyn.pl\/wp-content\/uploads\/2025\/10\/20250927_143347792_iOS_0-scaled-e1761203760979-2048x1154.jpg 2048w\" sizes=\"(max-width: 1024px) 100vw, 1024px\" \/>\t\t\t\t\t\t\t\t\t\t\t\t\t\t\t<\/div>\n\t\t\t\t\t<\/div>\n\t\t\t\t<\/div>\n\t\t\t\t<\/div>\n\t\t","protected":false},"excerpt":{"rendered":"<p>ChamSys MagicQ ChamSys MagicQ to profesjonalny system sterowania o\u015bwietleniem, wykorzystywany na koncertach, eventach, w teatrach oraz podczas wydarze\u0144 sportowych. \u0141\u0105czy w sobie ogromne mo\u017cliwo\u015bci programowania z elastyczno\u015bci\u0105 pracy \u2013 od laptopa po pe\u0142noprawne konsole \u015bwiat\u0142owe. MagicQ pozwala tworzy\u0107 dynamiczne sceny, efektowne przej\u015bcia i precyzyjnie zaplanowane cue, dzi\u0119ki czemu \u015bwiat\u0142o staje si\u0119 integraln\u0105 cz\u0119\u015bci\u0105 widowiska. Obs\u0142uga nowoczesnych protoko\u0142\u00f3w sieciowych oraz szerokiej gamy urz\u0105dze\u0144 o\u015bwietleniowych sprawia, \u017ce system doskonale sprawdza si\u0119 zar\u00f3wno w mniejszych realizacjach, jak i w du\u017cych, z\u0142o\u017conych produkcjach. To narz\u0119dzie dla tych, kt\u00f3rzy traktuj\u0105 \u015bwiat\u0142o nie tylko jako technik\u0119, ale jako \u015brodek wyrazu \u2013 buduj\u0105cy klimat, emocje i dynamik\u0119 ka\u017cdego wydarzenia.<\/p>\n","protected":false},"author":1,"featured_media":0,"parent":0,"menu_order":0,"comment_status":"closed","ping_status":"closed","template":"","meta":{"_vp_format_video_url":"","_vp_image_focal_point":[],"footnotes":""},"class_list":["post-513","page","type-page","status-publish"],"yoast_head":"<!-- This site is optimized with the Yoast SEO plugin v27.2 - https:\/\/yoast.com\/product\/yoast-seo-wordpress\/ -->\n<title>ChamSys MagicQ - EventTech Olsztyn<\/title>\n<meta name=\"robots\" content=\"index, follow, max-snippet:-1, max-image-preview:large, max-video-preview:-1\" \/>\n<link rel=\"canonical\" href=\"https:\/\/eventtech.olsztyn.pl\/?page_id=513\" \/>\n<meta property=\"og:locale\" content=\"pl_PL\" \/>\n<meta property=\"og:type\" content=\"article\" \/>\n<meta property=\"og:title\" content=\"ChamSys MagicQ - EventTech Olsztyn\" \/>\n<meta property=\"og:description\" content=\"ChamSys MagicQ ChamSys MagicQ to profesjonalny system sterowania o\u015bwietleniem, wykorzystywany na koncertach, eventach, w teatrach oraz podczas wydarze\u0144 sportowych. \u0141\u0105czy w sobie ogromne mo\u017cliwo\u015bci programowania z elastyczno\u015bci\u0105 pracy \u2013 od laptopa po pe\u0142noprawne konsole \u015bwiat\u0142owe. MagicQ pozwala tworzy\u0107 dynamiczne sceny, efektowne przej\u015bcia i precyzyjnie zaplanowane cue, dzi\u0119ki czemu \u015bwiat\u0142o staje si\u0119 integraln\u0105 cz\u0119\u015bci\u0105 widowiska. Obs\u0142uga nowoczesnych protoko\u0142\u00f3w sieciowych oraz szerokiej gamy urz\u0105dze\u0144 o\u015bwietleniowych sprawia, \u017ce system doskonale sprawdza si\u0119 zar\u00f3wno w mniejszych realizacjach, jak i w du\u017cych, z\u0142o\u017conych produkcjach. To narz\u0119dzie dla tych, kt\u00f3rzy traktuj\u0105 \u015bwiat\u0142o nie tylko jako technik\u0119, ale jako \u015brodek wyrazu \u2013 buduj\u0105cy klimat, emocje i dynamik\u0119 ka\u017cdego wydarzenia.\" \/>\n<meta property=\"og:url\" content=\"https:\/\/eventtech.olsztyn.pl\/?page_id=513\" \/>\n<meta property=\"og:site_name\" content=\"EventTech Olsztyn\" \/>\n<meta property=\"article:publisher\" content=\"https:\/\/www.facebook.com\/eventtech.olsztyn\" \/>\n<meta property=\"article:modified_time\" content=\"2026-01-07T09:44:57+00:00\" \/>\n<meta property=\"og:image\" content=\"https:\/\/eventtech.olsztyn.pl\/wp-content\/uploads\/2025\/10\/20250927_143347792_iOS_0-scaled-e1761203760979-1024x577.jpg\" \/>\n<meta name=\"twitter:card\" content=\"summary_large_image\" \/>\n<meta name=\"twitter:label1\" content=\"Szacowany czas czytania\" \/>\n\t<meta name=\"twitter:data1\" content=\"1 minuta\" \/>\n<script type=\"application\/ld+json\" class=\"yoast-schema-graph\">{\"@context\":\"https:\/\/schema.org\",\"@graph\":[{\"@type\":\"WebPage\",\"@id\":\"https:\/\/eventtech.olsztyn.pl\/?page_id=513\",\"url\":\"https:\/\/eventtech.olsztyn.pl\/?page_id=513\",\"name\":\"ChamSys MagicQ - EventTech Olsztyn\",\"isPartOf\":{\"@id\":\"https:\/\/eventtech.olsztyn.pl\/#website\"},\"primaryImageOfPage\":{\"@id\":\"https:\/\/eventtech.olsztyn.pl\/?page_id=513#primaryimage\"},\"image\":{\"@id\":\"https:\/\/eventtech.olsztyn.pl\/?page_id=513#primaryimage\"},\"thumbnailUrl\":\"https:\/\/eventtech.olsztyn.pl\/wp-content\/uploads\/2025\/10\/20250927_143347792_iOS_0-scaled-e1761203760979-1024x577.jpg\",\"datePublished\":\"2026-01-07T09:43:57+00:00\",\"dateModified\":\"2026-01-07T09:44:57+00:00\",\"breadcrumb\":{\"@id\":\"https:\/\/eventtech.olsztyn.pl\/?page_id=513#breadcrumb\"},\"inLanguage\":\"pl-PL\",\"potentialAction\":[{\"@type\":\"ReadAction\",\"target\":[\"https:\/\/eventtech.olsztyn.pl\/?page_id=513\"]}]},{\"@type\":\"ImageObject\",\"inLanguage\":\"pl-PL\",\"@id\":\"https:\/\/eventtech.olsztyn.pl\/?page_id=513#primaryimage\",\"url\":\"https:\/\/eventtech.olsztyn.pl\/wp-content\/uploads\/2025\/10\/20250927_143347792_iOS_0-scaled-e1761203760979.jpg\",\"contentUrl\":\"https:\/\/eventtech.olsztyn.pl\/wp-content\/uploads\/2025\/10\/20250927_143347792_iOS_0-scaled-e1761203760979.jpg\",\"width\":2560,\"height\":1442},{\"@type\":\"BreadcrumbList\",\"@id\":\"https:\/\/eventtech.olsztyn.pl\/?page_id=513#breadcrumb\",\"itemListElement\":[{\"@type\":\"ListItem\",\"position\":1,\"name\":\"Strona g\u0142\u00f3wna\",\"item\":\"https:\/\/eventtech.olsztyn.pl\/\"},{\"@type\":\"ListItem\",\"position\":2,\"name\":\"ChamSys MagicQ\"}]},{\"@type\":\"WebSite\",\"@id\":\"https:\/\/eventtech.olsztyn.pl\/#website\",\"url\":\"https:\/\/eventtech.olsztyn.pl\/\",\"name\":\"EventTech Olsztyn\",\"description\":\"Olsztyn\",\"publisher\":{\"@id\":\"https:\/\/eventtech.olsztyn.pl\/#organization\"},\"potentialAction\":[{\"@type\":\"SearchAction\",\"target\":{\"@type\":\"EntryPoint\",\"urlTemplate\":\"https:\/\/eventtech.olsztyn.pl\/?s={search_term_string}\"},\"query-input\":{\"@type\":\"PropertyValueSpecification\",\"valueRequired\":true,\"valueName\":\"search_term_string\"}}],\"inLanguage\":\"pl-PL\"},{\"@type\":\"Organization\",\"@id\":\"https:\/\/eventtech.olsztyn.pl\/#organization\",\"name\":\"EventTech Olsztyn\",\"url\":\"https:\/\/eventtech.olsztyn.pl\/\",\"logo\":{\"@type\":\"ImageObject\",\"inLanguage\":\"pl-PL\",\"@id\":\"https:\/\/eventtech.olsztyn.pl\/#\/schema\/logo\/image\/\",\"url\":\"https:\/\/eventtech.olsztyn.pl\/wp-content\/uploads\/2025\/09\/EventTech_logo_biale-1.png\",\"contentUrl\":\"https:\/\/eventtech.olsztyn.pl\/wp-content\/uploads\/2025\/09\/EventTech_logo_biale-1.png\",\"width\":1187,\"height\":1187,\"caption\":\"EventTech Olsztyn\"},\"image\":{\"@id\":\"https:\/\/eventtech.olsztyn.pl\/#\/schema\/logo\/image\/\"},\"sameAs\":[\"https:\/\/www.facebook.com\/eventtech.olsztyn\"]}]}<\/script>\n<!-- \/ Yoast SEO plugin. -->","yoast_head_json":{"title":"ChamSys MagicQ - EventTech Olsztyn","robots":{"index":"index","follow":"follow","max-snippet":"max-snippet:-1","max-image-preview":"max-image-preview:large","max-video-preview":"max-video-preview:-1"},"canonical":"https:\/\/eventtech.olsztyn.pl\/?page_id=513","og_locale":"pl_PL","og_type":"article","og_title":"ChamSys MagicQ - EventTech Olsztyn","og_description":"ChamSys MagicQ ChamSys MagicQ to profesjonalny system sterowania o\u015bwietleniem, wykorzystywany na koncertach, eventach, w teatrach oraz podczas wydarze\u0144 sportowych. \u0141\u0105czy w sobie ogromne mo\u017cliwo\u015bci programowania z elastyczno\u015bci\u0105 pracy \u2013 od laptopa po pe\u0142noprawne konsole \u015bwiat\u0142owe. MagicQ pozwala tworzy\u0107 dynamiczne sceny, efektowne przej\u015bcia i precyzyjnie zaplanowane cue, dzi\u0119ki czemu \u015bwiat\u0142o staje si\u0119 integraln\u0105 cz\u0119\u015bci\u0105 widowiska. Obs\u0142uga nowoczesnych protoko\u0142\u00f3w sieciowych oraz szerokiej gamy urz\u0105dze\u0144 o\u015bwietleniowych sprawia, \u017ce system doskonale sprawdza si\u0119 zar\u00f3wno w mniejszych realizacjach, jak i w du\u017cych, z\u0142o\u017conych produkcjach. To narz\u0119dzie dla tych, kt\u00f3rzy traktuj\u0105 \u015bwiat\u0142o nie tylko jako technik\u0119, ale jako \u015brodek wyrazu \u2013 buduj\u0105cy klimat, emocje i dynamik\u0119 ka\u017cdego wydarzenia.","og_url":"https:\/\/eventtech.olsztyn.pl\/?page_id=513","og_site_name":"EventTech Olsztyn","article_publisher":"https:\/\/www.facebook.com\/eventtech.olsztyn","article_modified_time":"2026-01-07T09:44:57+00:00","og_image":[{"url":"https:\/\/eventtech.olsztyn.pl\/wp-content\/uploads\/2025\/10\/20250927_143347792_iOS_0-scaled-e1761203760979-1024x577.jpg","type":"","width":"","height":""}],"twitter_card":"summary_large_image","twitter_misc":{"Szacowany czas czytania":"1 minuta"},"schema":{"@context":"https:\/\/schema.org","@graph":[{"@type":"WebPage","@id":"https:\/\/eventtech.olsztyn.pl\/?page_id=513","url":"https:\/\/eventtech.olsztyn.pl\/?page_id=513","name":"ChamSys MagicQ - EventTech Olsztyn","isPartOf":{"@id":"https:\/\/eventtech.olsztyn.pl\/#website"},"primaryImageOfPage":{"@id":"https:\/\/eventtech.olsztyn.pl\/?page_id=513#primaryimage"},"image":{"@id":"https:\/\/eventtech.olsztyn.pl\/?page_id=513#primaryimage"},"thumbnailUrl":"https:\/\/eventtech.olsztyn.pl\/wp-content\/uploads\/2025\/10\/20250927_143347792_iOS_0-scaled-e1761203760979-1024x577.jpg","datePublished":"2026-01-07T09:43:57+00:00","dateModified":"2026-01-07T09:44:57+00:00","breadcrumb":{"@id":"https:\/\/eventtech.olsztyn.pl\/?page_id=513#breadcrumb"},"inLanguage":"pl-PL","potentialAction":[{"@type":"ReadAction","target":["https:\/\/eventtech.olsztyn.pl\/?page_id=513"]}]},{"@type":"ImageObject","inLanguage":"pl-PL","@id":"https:\/\/eventtech.olsztyn.pl\/?page_id=513#primaryimage","url":"https:\/\/eventtech.olsztyn.pl\/wp-content\/uploads\/2025\/10\/20250927_143347792_iOS_0-scaled-e1761203760979.jpg","contentUrl":"https:\/\/eventtech.olsztyn.pl\/wp-content\/uploads\/2025\/10\/20250927_143347792_iOS_0-scaled-e1761203760979.jpg","width":2560,"height":1442},{"@type":"BreadcrumbList","@id":"https:\/\/eventtech.olsztyn.pl\/?page_id=513#breadcrumb","itemListElement":[{"@type":"ListItem","position":1,"name":"Strona g\u0142\u00f3wna","item":"https:\/\/eventtech.olsztyn.pl\/"},{"@type":"ListItem","position":2,"name":"ChamSys MagicQ"}]},{"@type":"WebSite","@id":"https:\/\/eventtech.olsztyn.pl\/#website","url":"https:\/\/eventtech.olsztyn.pl\/","name":"EventTech Olsztyn","description":"Olsztyn","publisher":{"@id":"https:\/\/eventtech.olsztyn.pl\/#organization"},"potentialAction":[{"@type":"SearchAction","target":{"@type":"EntryPoint","urlTemplate":"https:\/\/eventtech.olsztyn.pl\/?s={search_term_string}"},"query-input":{"@type":"PropertyValueSpecification","valueRequired":true,"valueName":"search_term_string"}}],"inLanguage":"pl-PL"},{"@type":"Organization","@id":"https:\/\/eventtech.olsztyn.pl\/#organization","name":"EventTech Olsztyn","url":"https:\/\/eventtech.olsztyn.pl\/","logo":{"@type":"ImageObject","inLanguage":"pl-PL","@id":"https:\/\/eventtech.olsztyn.pl\/#\/schema\/logo\/image\/","url":"https:\/\/eventtech.olsztyn.pl\/wp-content\/uploads\/2025\/09\/EventTech_logo_biale-1.png","contentUrl":"https:\/\/eventtech.olsztyn.pl\/wp-content\/uploads\/2025\/09\/EventTech_logo_biale-1.png","width":1187,"height":1187,"caption":"EventTech Olsztyn"},"image":{"@id":"https:\/\/eventtech.olsztyn.pl\/#\/schema\/logo\/image\/"},"sameAs":["https:\/\/www.facebook.com\/eventtech.olsztyn"]}]}},"_links":{"self":[{"href":"https:\/\/eventtech.olsztyn.pl\/index.php?rest_route=\/wp\/v2\/pages\/513","targetHints":{"allow":["GET"]}}],"collection":[{"href":"https:\/\/eventtech.olsztyn.pl\/index.php?rest_route=\/wp\/v2\/pages"}],"about":[{"href":"https:\/\/eventtech.olsztyn.pl\/index.php?rest_route=\/wp\/v2\/types\/page"}],"author":[{"embeddable":true,"href":"https:\/\/eventtech.olsztyn.pl\/index.php?rest_route=\/wp\/v2\/users\/1"}],"replies":[{"embeddable":true,"href":"https:\/\/eventtech.olsztyn.pl\/index.php?rest_route=%2Fwp%2Fv2%2Fcomments&post=513"}],"version-history":[{"count":7,"href":"https:\/\/eventtech.olsztyn.pl\/index.php?rest_route=\/wp\/v2\/pages\/513\/revisions"}],"predecessor-version":[{"id":520,"href":"https:\/\/eventtech.olsztyn.pl\/index.php?rest_route=\/wp\/v2\/pages\/513\/revisions\/520"}],"wp:attachment":[{"href":"https:\/\/eventtech.olsztyn.pl\/index.php?rest_route=%2Fwp%2Fv2%2Fmedia&parent=513"}],"curies":[{"name":"wp","href":"https:\/\/api.w.org\/{rel}","templated":true}]}}