{"id":527,"date":"2026-01-07T10:52:08","date_gmt":"2026-01-07T09:52:08","guid":{"rendered":"https:\/\/eventtech.olsztyn.pl\/?page_id=527"},"modified":"2026-03-24T12:21:27","modified_gmt":"2026-03-24T11:21:27","slug":"oswietlenie-yyy","status":"publish","type":"page","link":"https:\/\/eventtech.olsztyn.pl\/?page_id=527","title":{"rendered":"O\u015bwietlenie ET-3Y"},"content":{"rendered":"\t\t<div data-elementor-type=\"wp-page\" data-elementor-id=\"527\" class=\"elementor elementor-527\">\n\t\t\t\t<div class=\"elementor-element elementor-element-32def1ec e-grid e-con-boxed wpr-particle-no wpr-jarallax-no wpr-parallax-no wpr-sticky-section-no e-con e-parent\" data-id=\"32def1ec\" data-element_type=\"container\" data-e-type=\"container\">\n\t\t\t\t\t<div class=\"e-con-inner\">\n\t\t\t\t<div class=\"elementor-element elementor-element-7392f575 elementor-widget elementor-widget-text-editor\" data-id=\"7392f575\" data-element_type=\"widget\" data-e-type=\"widget\" data-widget_type=\"text-editor.default\">\n\t\t\t\t\t\t\t\t\t<h3><strong>Systemy O\u015bwietleniowe ET-3Y<br \/><\/strong><\/h3><p data-start=\"15\" data-end=\"315\">Lampy ET-3Y to unikatowe, personalizowane fixtury o\u015bwietleniowe, sk\u0142adaj\u0105ce si\u0119 z trzech belek \u015bwietlnych u\u0142o\u017conych w charakterystyczny kszta\u0142t litery <strong data-start=\"164\" data-end=\"169\">Y<\/strong>. To pierwsza tego typu propozycja, zaprojektowana z my\u015bl\u0105 o wyr\u00f3\u017cnieniu wydarze\u0144, kt\u00f3re wymagaj\u0105 czego\u015b wi\u0119cej ni\u017c standardowej oprawy \u015bwiat\u0142a.<\/p><p data-start=\"317\" data-end=\"696\">Dzi\u0119ki swojej formie i mo\u017cliwo\u015bciom aran\u017cacyjnym lampy ET-3Y doskonale sprawdzaj\u0105 si\u0119 jako efektowne t\u0142o na imprezach premium, buduj\u0105c nowoczesny, elegancki klimat i przyci\u0105gaj\u0105c uwag\u0119 ju\u017c od pierwszego spojrzenia. R\u00f3wnie dobrze odnajduj\u0105 si\u0119 podczas imprez sportowych, gdzie pe\u0142ni\u0105 rol\u0119 dynamicznej dekoracji wizualnej, wzmacniaj\u0105cej emocje i podkre\u015blaj\u0105cej charakter widowiska.<\/p><p data-start=\"698\" data-end=\"792\" data-is-last-node=\"\" data-is-only-node=\"\">To \u015bwiat\u0142o, kt\u00f3re nie tylko do\u015bwietla przestrze\u0144, ale staje si\u0119 jej elementem scenograficznym.<\/p>\t\t\t\t\t\t\t\t<\/div>\n\t\t\t\t<div class=\"elementor-element elementor-element-6486e53f elementor-widget elementor-widget-image\" data-id=\"6486e53f\" data-element_type=\"widget\" data-e-type=\"widget\" data-widget_type=\"image.default\">\n\t\t\t\t\t\t\t\t\t\t\t\t\t\t\t<img fetchpriority=\"high\" decoding=\"async\" width=\"1024\" height=\"576\" src=\"https:\/\/eventtech.olsztyn.pl\/wp-content\/uploads\/2026\/03\/DSC_1538-1024x576.jpg\" class=\"attachment-large size-large wp-image-582\" alt=\"\" srcset=\"https:\/\/eventtech.olsztyn.pl\/wp-content\/uploads\/2026\/03\/DSC_1538-1024x576.jpg 1024w, https:\/\/eventtech.olsztyn.pl\/wp-content\/uploads\/2026\/03\/DSC_1538-300x169.jpg 300w, https:\/\/eventtech.olsztyn.pl\/wp-content\/uploads\/2026\/03\/DSC_1538-768x432.jpg 768w, https:\/\/eventtech.olsztyn.pl\/wp-content\/uploads\/2026\/03\/DSC_1538-1536x864.jpg 1536w, https:\/\/eventtech.olsztyn.pl\/wp-content\/uploads\/2026\/03\/DSC_1538-2048x1152.jpg 2048w, https:\/\/eventtech.olsztyn.pl\/wp-content\/uploads\/2026\/03\/DSC_1538-500x281.jpg 500w, https:\/\/eventtech.olsztyn.pl\/wp-content\/uploads\/2026\/03\/DSC_1538-800x450.jpg 800w, https:\/\/eventtech.olsztyn.pl\/wp-content\/uploads\/2026\/03\/DSC_1538-1280x720.jpg 1280w, https:\/\/eventtech.olsztyn.pl\/wp-content\/uploads\/2026\/03\/DSC_1538-1920x1080.jpg 1920w\" sizes=\"(max-width: 1024px) 100vw, 1024px\" \/>\t\t\t\t\t\t\t\t\t\t\t\t\t\t\t<\/div>\n\t\t\t\t\t<\/div>\n\t\t\t\t<\/div>\n\t\t<div class=\"elementor-element elementor-element-eaeee75 e-flex e-con-boxed wpr-particle-no wpr-jarallax-no wpr-parallax-no wpr-sticky-section-no e-con e-parent\" data-id=\"eaeee75\" data-element_type=\"container\" data-e-type=\"container\">\n\t\t\t\t\t<div class=\"e-con-inner\">\n\t\t\t\t<div class=\"elementor-element elementor-element-143e315 elementor-widget elementor-widget-video\" data-id=\"143e315\" data-element_type=\"widget\" data-e-type=\"widget\" data-settings=\"{&quot;youtube_url&quot;:&quot;https:\\\/\\\/youtu.be\\\/0N61mUOT1tM?si=eImyTr9wXA4rjIq8&quot;,&quot;video_type&quot;:&quot;youtube&quot;,&quot;controls&quot;:&quot;yes&quot;}\" data-widget_type=\"video.default\">\n\t\t\t\t\t\t\t<div class=\"elementor-wrapper elementor-open-inline\">\n\t\t\t<div class=\"elementor-video\"><\/div>\t\t<\/div>\n\t\t\t\t\t\t<\/div>\n\t\t\t\t\t<\/div>\n\t\t\t\t<\/div>\n\t\t\t\t<\/div>\n\t\t","protected":false},"excerpt":{"rendered":"<p>Systemy O\u015bwietleniowe ET-3Y Lampy ET-3Y to unikatowe, personalizowane fixtury o\u015bwietleniowe, sk\u0142adaj\u0105ce si\u0119 z trzech belek \u015bwietlnych u\u0142o\u017conych w charakterystyczny kszta\u0142t litery Y. To pierwsza tego typu propozycja, zaprojektowana z my\u015bl\u0105 o wyr\u00f3\u017cnieniu wydarze\u0144, kt\u00f3re wymagaj\u0105 czego\u015b wi\u0119cej ni\u017c standardowej oprawy \u015bwiat\u0142a. Dzi\u0119ki swojej formie i mo\u017cliwo\u015bciom aran\u017cacyjnym lampy ET-3Y doskonale sprawdzaj\u0105 si\u0119 jako efektowne t\u0142o na imprezach premium, buduj\u0105c nowoczesny, elegancki klimat i przyci\u0105gaj\u0105c uwag\u0119 ju\u017c od pierwszego spojrzenia. R\u00f3wnie dobrze odnajduj\u0105 si\u0119 podczas imprez sportowych, gdzie pe\u0142ni\u0105 rol\u0119 dynamicznej dekoracji wizualnej, wzmacniaj\u0105cej emocje i podkre\u015blaj\u0105cej charakter widowiska. To \u015bwiat\u0142o, kt\u00f3re nie tylko do\u015bwietla przestrze\u0144, ale staje si\u0119 jej elementem scenograficznym. https:\/\/youtu.be\/0N61mUOT1tM?si=eImyTr9wXA4rjIq8<\/p>\n","protected":false},"author":1,"featured_media":0,"parent":0,"menu_order":0,"comment_status":"closed","ping_status":"closed","template":"","meta":{"_vp_format_video_url":"","_vp_image_focal_point":[],"footnotes":""},"class_list":["post-527","page","type-page","status-publish"],"yoast_head":"<!-- This site is optimized with the Yoast SEO plugin v27.2 - https:\/\/yoast.com\/product\/yoast-seo-wordpress\/ -->\n<title>O\u015bwietlenie ET-3Y - EventTech Olsztyn<\/title>\n<meta name=\"robots\" content=\"index, follow, max-snippet:-1, max-image-preview:large, max-video-preview:-1\" \/>\n<link rel=\"canonical\" href=\"https:\/\/eventtech.olsztyn.pl\/?page_id=527\" \/>\n<meta property=\"og:locale\" content=\"pl_PL\" \/>\n<meta property=\"og:type\" content=\"article\" \/>\n<meta property=\"og:title\" content=\"O\u015bwietlenie ET-3Y - EventTech Olsztyn\" \/>\n<meta property=\"og:description\" content=\"Systemy O\u015bwietleniowe ET-3Y Lampy ET-3Y to unikatowe, personalizowane fixtury o\u015bwietleniowe, sk\u0142adaj\u0105ce si\u0119 z trzech belek \u015bwietlnych u\u0142o\u017conych w charakterystyczny kszta\u0142t litery Y. To pierwsza tego typu propozycja, zaprojektowana z my\u015bl\u0105 o wyr\u00f3\u017cnieniu wydarze\u0144, kt\u00f3re wymagaj\u0105 czego\u015b wi\u0119cej ni\u017c standardowej oprawy \u015bwiat\u0142a. Dzi\u0119ki swojej formie i mo\u017cliwo\u015bciom aran\u017cacyjnym lampy ET-3Y doskonale sprawdzaj\u0105 si\u0119 jako efektowne t\u0142o na imprezach premium, buduj\u0105c nowoczesny, elegancki klimat i przyci\u0105gaj\u0105c uwag\u0119 ju\u017c od pierwszego spojrzenia. R\u00f3wnie dobrze odnajduj\u0105 si\u0119 podczas imprez sportowych, gdzie pe\u0142ni\u0105 rol\u0119 dynamicznej dekoracji wizualnej, wzmacniaj\u0105cej emocje i podkre\u015blaj\u0105cej charakter widowiska. To \u015bwiat\u0142o, kt\u00f3re nie tylko do\u015bwietla przestrze\u0144, ale staje si\u0119 jej elementem scenograficznym. https:\/\/youtu.be\/0N61mUOT1tM?si=eImyTr9wXA4rjIq8\" \/>\n<meta property=\"og:url\" content=\"https:\/\/eventtech.olsztyn.pl\/?page_id=527\" \/>\n<meta property=\"og:site_name\" content=\"EventTech Olsztyn\" \/>\n<meta property=\"article:publisher\" content=\"https:\/\/www.facebook.com\/eventtech.olsztyn\" \/>\n<meta property=\"article:modified_time\" content=\"2026-03-24T11:21:27+00:00\" \/>\n<meta property=\"og:image\" content=\"https:\/\/eventtech.olsztyn.pl\/wp-content\/uploads\/2026\/03\/DSC_1538-scaled.jpg\" \/>\n\t<meta property=\"og:image:width\" content=\"2560\" \/>\n\t<meta property=\"og:image:height\" content=\"1440\" \/>\n\t<meta property=\"og:image:type\" content=\"image\/jpeg\" \/>\n<meta name=\"twitter:card\" content=\"summary_large_image\" \/>\n<meta name=\"twitter:label1\" content=\"Szacowany czas czytania\" \/>\n\t<meta name=\"twitter:data1\" content=\"1 minuta\" \/>\n<script type=\"application\/ld+json\" class=\"yoast-schema-graph\">{\"@context\":\"https:\/\/schema.org\",\"@graph\":[{\"@type\":\"WebPage\",\"@id\":\"https:\/\/eventtech.olsztyn.pl\/?page_id=527\",\"url\":\"https:\/\/eventtech.olsztyn.pl\/?page_id=527\",\"name\":\"O\u015bwietlenie ET-3Y - EventTech Olsztyn\",\"isPartOf\":{\"@id\":\"https:\/\/eventtech.olsztyn.pl\/#website\"},\"primaryImageOfPage\":{\"@id\":\"https:\/\/eventtech.olsztyn.pl\/?page_id=527#primaryimage\"},\"image\":{\"@id\":\"https:\/\/eventtech.olsztyn.pl\/?page_id=527#primaryimage\"},\"thumbnailUrl\":\"https:\/\/eventtech.olsztyn.pl\/wp-content\/uploads\/2026\/03\/DSC_1538-1024x576.jpg\",\"datePublished\":\"2026-01-07T09:52:08+00:00\",\"dateModified\":\"2026-03-24T11:21:27+00:00\",\"breadcrumb\":{\"@id\":\"https:\/\/eventtech.olsztyn.pl\/?page_id=527#breadcrumb\"},\"inLanguage\":\"pl-PL\",\"potentialAction\":[{\"@type\":\"ReadAction\",\"target\":[\"https:\/\/eventtech.olsztyn.pl\/?page_id=527\"]}]},{\"@type\":\"ImageObject\",\"inLanguage\":\"pl-PL\",\"@id\":\"https:\/\/eventtech.olsztyn.pl\/?page_id=527#primaryimage\",\"url\":\"https:\/\/eventtech.olsztyn.pl\/wp-content\/uploads\/2026\/03\/DSC_1538-scaled.jpg\",\"contentUrl\":\"https:\/\/eventtech.olsztyn.pl\/wp-content\/uploads\/2026\/03\/DSC_1538-scaled.jpg\",\"width\":2560,\"height\":1440},{\"@type\":\"BreadcrumbList\",\"@id\":\"https:\/\/eventtech.olsztyn.pl\/?page_id=527#breadcrumb\",\"itemListElement\":[{\"@type\":\"ListItem\",\"position\":1,\"name\":\"Strona g\u0142\u00f3wna\",\"item\":\"https:\/\/eventtech.olsztyn.pl\/\"},{\"@type\":\"ListItem\",\"position\":2,\"name\":\"O\u015bwietlenie ET-3Y\"}]},{\"@type\":\"WebSite\",\"@id\":\"https:\/\/eventtech.olsztyn.pl\/#website\",\"url\":\"https:\/\/eventtech.olsztyn.pl\/\",\"name\":\"EventTech Olsztyn\",\"description\":\"Olsztyn\",\"publisher\":{\"@id\":\"https:\/\/eventtech.olsztyn.pl\/#organization\"},\"potentialAction\":[{\"@type\":\"SearchAction\",\"target\":{\"@type\":\"EntryPoint\",\"urlTemplate\":\"https:\/\/eventtech.olsztyn.pl\/?s={search_term_string}\"},\"query-input\":{\"@type\":\"PropertyValueSpecification\",\"valueRequired\":true,\"valueName\":\"search_term_string\"}}],\"inLanguage\":\"pl-PL\"},{\"@type\":\"Organization\",\"@id\":\"https:\/\/eventtech.olsztyn.pl\/#organization\",\"name\":\"EventTech Olsztyn\",\"url\":\"https:\/\/eventtech.olsztyn.pl\/\",\"logo\":{\"@type\":\"ImageObject\",\"inLanguage\":\"pl-PL\",\"@id\":\"https:\/\/eventtech.olsztyn.pl\/#\/schema\/logo\/image\/\",\"url\":\"https:\/\/eventtech.olsztyn.pl\/wp-content\/uploads\/2025\/09\/EventTech_logo_biale-1.png\",\"contentUrl\":\"https:\/\/eventtech.olsztyn.pl\/wp-content\/uploads\/2025\/09\/EventTech_logo_biale-1.png\",\"width\":1187,\"height\":1187,\"caption\":\"EventTech Olsztyn\"},\"image\":{\"@id\":\"https:\/\/eventtech.olsztyn.pl\/#\/schema\/logo\/image\/\"},\"sameAs\":[\"https:\/\/www.facebook.com\/eventtech.olsztyn\"]}]}<\/script>\n<!-- \/ Yoast SEO plugin. -->","yoast_head_json":{"title":"O\u015bwietlenie ET-3Y - EventTech Olsztyn","robots":{"index":"index","follow":"follow","max-snippet":"max-snippet:-1","max-image-preview":"max-image-preview:large","max-video-preview":"max-video-preview:-1"},"canonical":"https:\/\/eventtech.olsztyn.pl\/?page_id=527","og_locale":"pl_PL","og_type":"article","og_title":"O\u015bwietlenie ET-3Y - EventTech Olsztyn","og_description":"Systemy O\u015bwietleniowe ET-3Y Lampy ET-3Y to unikatowe, personalizowane fixtury o\u015bwietleniowe, sk\u0142adaj\u0105ce si\u0119 z trzech belek \u015bwietlnych u\u0142o\u017conych w charakterystyczny kszta\u0142t litery Y. To pierwsza tego typu propozycja, zaprojektowana z my\u015bl\u0105 o wyr\u00f3\u017cnieniu wydarze\u0144, kt\u00f3re wymagaj\u0105 czego\u015b wi\u0119cej ni\u017c standardowej oprawy \u015bwiat\u0142a. Dzi\u0119ki swojej formie i mo\u017cliwo\u015bciom aran\u017cacyjnym lampy ET-3Y doskonale sprawdzaj\u0105 si\u0119 jako efektowne t\u0142o na imprezach premium, buduj\u0105c nowoczesny, elegancki klimat i przyci\u0105gaj\u0105c uwag\u0119 ju\u017c od pierwszego spojrzenia. R\u00f3wnie dobrze odnajduj\u0105 si\u0119 podczas imprez sportowych, gdzie pe\u0142ni\u0105 rol\u0119 dynamicznej dekoracji wizualnej, wzmacniaj\u0105cej emocje i podkre\u015blaj\u0105cej charakter widowiska. To \u015bwiat\u0142o, kt\u00f3re nie tylko do\u015bwietla przestrze\u0144, ale staje si\u0119 jej elementem scenograficznym. https:\/\/youtu.be\/0N61mUOT1tM?si=eImyTr9wXA4rjIq8","og_url":"https:\/\/eventtech.olsztyn.pl\/?page_id=527","og_site_name":"EventTech Olsztyn","article_publisher":"https:\/\/www.facebook.com\/eventtech.olsztyn","article_modified_time":"2026-03-24T11:21:27+00:00","og_image":[{"width":2560,"height":1440,"url":"https:\/\/eventtech.olsztyn.pl\/wp-content\/uploads\/2026\/03\/DSC_1538-scaled.jpg","type":"image\/jpeg"}],"twitter_card":"summary_large_image","twitter_misc":{"Szacowany czas czytania":"1 minuta"},"schema":{"@context":"https:\/\/schema.org","@graph":[{"@type":"WebPage","@id":"https:\/\/eventtech.olsztyn.pl\/?page_id=527","url":"https:\/\/eventtech.olsztyn.pl\/?page_id=527","name":"O\u015bwietlenie ET-3Y - EventTech Olsztyn","isPartOf":{"@id":"https:\/\/eventtech.olsztyn.pl\/#website"},"primaryImageOfPage":{"@id":"https:\/\/eventtech.olsztyn.pl\/?page_id=527#primaryimage"},"image":{"@id":"https:\/\/eventtech.olsztyn.pl\/?page_id=527#primaryimage"},"thumbnailUrl":"https:\/\/eventtech.olsztyn.pl\/wp-content\/uploads\/2026\/03\/DSC_1538-1024x576.jpg","datePublished":"2026-01-07T09:52:08+00:00","dateModified":"2026-03-24T11:21:27+00:00","breadcrumb":{"@id":"https:\/\/eventtech.olsztyn.pl\/?page_id=527#breadcrumb"},"inLanguage":"pl-PL","potentialAction":[{"@type":"ReadAction","target":["https:\/\/eventtech.olsztyn.pl\/?page_id=527"]}]},{"@type":"ImageObject","inLanguage":"pl-PL","@id":"https:\/\/eventtech.olsztyn.pl\/?page_id=527#primaryimage","url":"https:\/\/eventtech.olsztyn.pl\/wp-content\/uploads\/2026\/03\/DSC_1538-scaled.jpg","contentUrl":"https:\/\/eventtech.olsztyn.pl\/wp-content\/uploads\/2026\/03\/DSC_1538-scaled.jpg","width":2560,"height":1440},{"@type":"BreadcrumbList","@id":"https:\/\/eventtech.olsztyn.pl\/?page_id=527#breadcrumb","itemListElement":[{"@type":"ListItem","position":1,"name":"Strona g\u0142\u00f3wna","item":"https:\/\/eventtech.olsztyn.pl\/"},{"@type":"ListItem","position":2,"name":"O\u015bwietlenie ET-3Y"}]},{"@type":"WebSite","@id":"https:\/\/eventtech.olsztyn.pl\/#website","url":"https:\/\/eventtech.olsztyn.pl\/","name":"EventTech Olsztyn","description":"Olsztyn","publisher":{"@id":"https:\/\/eventtech.olsztyn.pl\/#organization"},"potentialAction":[{"@type":"SearchAction","target":{"@type":"EntryPoint","urlTemplate":"https:\/\/eventtech.olsztyn.pl\/?s={search_term_string}"},"query-input":{"@type":"PropertyValueSpecification","valueRequired":true,"valueName":"search_term_string"}}],"inLanguage":"pl-PL"},{"@type":"Organization","@id":"https:\/\/eventtech.olsztyn.pl\/#organization","name":"EventTech Olsztyn","url":"https:\/\/eventtech.olsztyn.pl\/","logo":{"@type":"ImageObject","inLanguage":"pl-PL","@id":"https:\/\/eventtech.olsztyn.pl\/#\/schema\/logo\/image\/","url":"https:\/\/eventtech.olsztyn.pl\/wp-content\/uploads\/2025\/09\/EventTech_logo_biale-1.png","contentUrl":"https:\/\/eventtech.olsztyn.pl\/wp-content\/uploads\/2025\/09\/EventTech_logo_biale-1.png","width":1187,"height":1187,"caption":"EventTech Olsztyn"},"image":{"@id":"https:\/\/eventtech.olsztyn.pl\/#\/schema\/logo\/image\/"},"sameAs":["https:\/\/www.facebook.com\/eventtech.olsztyn"]}]}},"_links":{"self":[{"href":"https:\/\/eventtech.olsztyn.pl\/index.php?rest_route=\/wp\/v2\/pages\/527","targetHints":{"allow":["GET"]}}],"collection":[{"href":"https:\/\/eventtech.olsztyn.pl\/index.php?rest_route=\/wp\/v2\/pages"}],"about":[{"href":"https:\/\/eventtech.olsztyn.pl\/index.php?rest_route=\/wp\/v2\/types\/page"}],"author":[{"embeddable":true,"href":"https:\/\/eventtech.olsztyn.pl\/index.php?rest_route=\/wp\/v2\/users\/1"}],"replies":[{"embeddable":true,"href":"https:\/\/eventtech.olsztyn.pl\/index.php?rest_route=%2Fwp%2Fv2%2Fcomments&post=527"}],"version-history":[{"count":13,"href":"https:\/\/eventtech.olsztyn.pl\/index.php?rest_route=\/wp\/v2\/pages\/527\/revisions"}],"predecessor-version":[{"id":604,"href":"https:\/\/eventtech.olsztyn.pl\/index.php?rest_route=\/wp\/v2\/pages\/527\/revisions\/604"}],"wp:attachment":[{"href":"https:\/\/eventtech.olsztyn.pl\/index.php?rest_route=%2Fwp%2Fv2%2Fmedia&parent=527"}],"curies":[{"name":"wp","href":"https:\/\/api.w.org\/{rel}","templated":true}]}}