{"id":617,"date":"2026-03-24T13:13:17","date_gmt":"2026-03-24T12:13:17","guid":{"rendered":"https:\/\/eventtech.olsztyn.pl\/?page_id=617"},"modified":"2026-03-24T13:17:03","modified_gmt":"2026-03-24T12:17:03","slug":"systemy-jbl-prx-712","status":"publish","type":"page","link":"https:\/\/eventtech.olsztyn.pl\/?page_id=617","title":{"rendered":"Systemy JBL PRX 712"},"content":{"rendered":"\t\t<div data-elementor-type=\"wp-page\" data-elementor-id=\"617\" class=\"elementor elementor-617\">\n\t\t\t\t<div class=\"elementor-element elementor-element-30a8a9bc e-grid e-con-boxed wpr-particle-no wpr-jarallax-no wpr-parallax-no wpr-sticky-section-no e-con e-parent\" data-id=\"30a8a9bc\" data-element_type=\"container\" data-e-type=\"container\">\n\t\t\t\t\t<div class=\"e-con-inner\">\n\t\t\t\t<div class=\"elementor-element elementor-element-791659cc elementor-widget elementor-widget-text-editor\" data-id=\"791659cc\" data-element_type=\"widget\" data-e-type=\"widget\" data-widget_type=\"text-editor.default\">\n\t\t\t\t\t\t\t\t\t<h3><strong>Systemy JBL PRX 712<br><\/strong><\/h3>\n<p data-start=\"20\" data-end=\"287\">Nasze najnowsze systemy nag\u0142o\u015bnieniowe od firmy JBL z serii PRX, wykorzystujemy je jako nag\u0142o\u015bnienie Front of House (FOH) na \u015brednich imprezach oraz mo\u017cna je wykorzysta\u0107 jako monitor (MON) lub stref\u0119 na du\u017cych imprezach. Charakteryzuj\u0105 si\u0119 niesamowicie dobr\u0105 skuteczno\u015bci\u0105 jak na 12&#8243; paczk\u0119 &#8211; a\u017c 135dB. Jednak d\u017awi\u0119k przy niskim poziomie g\u0142o\u015bno\u015bci jest r\u00f3wnie przyjemny jak i przy wysokim poziomie. Doskonale sprawdza si\u0119 do muzyki live, DJ-ki i konferansjerki.<\/p>\n<p data-start=\"20\" data-end=\"287\">Wykorzystali\u015bmy je na wydarzeniach takich jak mecze Warmii Energa Olsztyn (do 500 os\u00f3b), czy&nbsp;<em>Disco Lodowisko<\/em> w Hali Urania w Olsztynie (do 200 os\u00f3b). Zamierzamy je aktywnie wykorzystywa\u0107 na festynach i festiwalach plenerowych, jak i r\u00f3wnie\u017c na imprezach okoliczno\u015bciowych na du\u017c\u0105 skal\u0119.<\/p>\t\t\t\t\t\t\t\t<\/div>\n\t\t\t\t<div class=\"elementor-element elementor-element-4e676a9c elementor-widget elementor-widget-image\" data-id=\"4e676a9c\" data-element_type=\"widget\" data-e-type=\"widget\" data-widget_type=\"image.default\">\n\t\t\t\t\t\t\t\t\t\t\t\t\t\t\t<img fetchpriority=\"high\" decoding=\"async\" width=\"1024\" height=\"577\" src=\"https:\/\/eventtech.olsztyn.pl\/wp-content\/uploads\/2026\/03\/619605553_122169189320762749_7165641427678301483_n-e1774353333167-1024x577.jpg\" class=\"attachment-large size-large wp-image-619\" alt=\"\" srcset=\"https:\/\/eventtech.olsztyn.pl\/wp-content\/uploads\/2026\/03\/619605553_122169189320762749_7165641427678301483_n-e1774353333167-1024x577.jpg 1024w, https:\/\/eventtech.olsztyn.pl\/wp-content\/uploads\/2026\/03\/619605553_122169189320762749_7165641427678301483_n-e1774353333167-300x169.jpg 300w, https:\/\/eventtech.olsztyn.pl\/wp-content\/uploads\/2026\/03\/619605553_122169189320762749_7165641427678301483_n-e1774353333167-768x433.jpg 768w, https:\/\/eventtech.olsztyn.pl\/wp-content\/uploads\/2026\/03\/619605553_122169189320762749_7165641427678301483_n-e1774353333167-1536x866.jpg 1536w, https:\/\/eventtech.olsztyn.pl\/wp-content\/uploads\/2026\/03\/619605553_122169189320762749_7165641427678301483_n-e1774353333167-500x282.jpg 500w, https:\/\/eventtech.olsztyn.pl\/wp-content\/uploads\/2026\/03\/619605553_122169189320762749_7165641427678301483_n-e1774353333167-800x451.jpg 800w, https:\/\/eventtech.olsztyn.pl\/wp-content\/uploads\/2026\/03\/619605553_122169189320762749_7165641427678301483_n-e1774353333167-1280x721.jpg 1280w, https:\/\/eventtech.olsztyn.pl\/wp-content\/uploads\/2026\/03\/619605553_122169189320762749_7165641427678301483_n-e1774353333167-1920x1082.jpg 1920w, https:\/\/eventtech.olsztyn.pl\/wp-content\/uploads\/2026\/03\/619605553_122169189320762749_7165641427678301483_n-e1774353333167.jpg 2048w\" sizes=\"(max-width: 1024px) 100vw, 1024px\" \/>\t\t\t\t\t\t\t\t\t\t\t\t\t\t\t<\/div>\n\t\t\t\t\t<\/div>\n\t\t\t\t<\/div>\n\t\t\t\t<\/div>\n\t\t","protected":false},"excerpt":{"rendered":"<p>Systemy JBL PRX 712 Nasze najnowsze systemy nag\u0142o\u015bnieniowe od firmy JBL z serii PRX, wykorzystujemy je jako nag\u0142o\u015bnienie Front of House (FOH) na \u015brednich imprezach oraz mo\u017cna je wykorzysta\u0107 jako monitor (MON) lub stref\u0119 na du\u017cych imprezach. Charakteryzuj\u0105 si\u0119 niesamowicie dobr\u0105 skuteczno\u015bci\u0105 jak na 12&#8243; paczk\u0119 &#8211; a\u017c 135dB. Jednak d\u017awi\u0119k przy niskim poziomie g\u0142o\u015bno\u015bci jest r\u00f3wnie przyjemny jak i przy wysokim poziomie. Doskonale sprawdza si\u0119 do muzyki live, DJ-ki i konferansjerki. Wykorzystali\u015bmy je na wydarzeniach takich jak mecze Warmii Energa Olsztyn (do 500 os\u00f3b), czy&nbsp;Disco Lodowisko w Hali Urania w Olsztynie (do 200 os\u00f3b). Zamierzamy je aktywnie wykorzystywa\u0107 na festynach i festiwalach plenerowych, jak i r\u00f3wnie\u017c na imprezach okoliczno\u015bciowych na du\u017c\u0105 skal\u0119.<\/p>\n","protected":false},"author":1,"featured_media":0,"parent":0,"menu_order":0,"comment_status":"closed","ping_status":"closed","template":"","meta":{"_vp_format_video_url":"","_vp_image_focal_point":[],"footnotes":""},"class_list":["post-617","page","type-page","status-publish"],"yoast_head":"<!-- This site is optimized with the Yoast SEO plugin v27.2 - https:\/\/yoast.com\/product\/yoast-seo-wordpress\/ -->\n<title>Systemy JBL PRX 712 - EventTech Olsztyn<\/title>\n<meta name=\"robots\" content=\"index, follow, max-snippet:-1, max-image-preview:large, max-video-preview:-1\" \/>\n<link rel=\"canonical\" href=\"https:\/\/eventtech.olsztyn.pl\/?page_id=617\" \/>\n<meta property=\"og:locale\" content=\"pl_PL\" \/>\n<meta property=\"og:type\" content=\"article\" \/>\n<meta property=\"og:title\" content=\"Systemy JBL PRX 712 - EventTech Olsztyn\" \/>\n<meta property=\"og:description\" content=\"Systemy JBL PRX 712 Nasze najnowsze systemy nag\u0142o\u015bnieniowe od firmy JBL z serii PRX, wykorzystujemy je jako nag\u0142o\u015bnienie Front of House (FOH) na \u015brednich imprezach oraz mo\u017cna je wykorzysta\u0107 jako monitor (MON) lub stref\u0119 na du\u017cych imprezach. Charakteryzuj\u0105 si\u0119 niesamowicie dobr\u0105 skuteczno\u015bci\u0105 jak na 12&#8243; paczk\u0119 &#8211; a\u017c 135dB. Jednak d\u017awi\u0119k przy niskim poziomie g\u0142o\u015bno\u015bci jest r\u00f3wnie przyjemny jak i przy wysokim poziomie. Doskonale sprawdza si\u0119 do muzyki live, DJ-ki i konferansjerki. Wykorzystali\u015bmy je na wydarzeniach takich jak mecze Warmii Energa Olsztyn (do 500 os\u00f3b), czy&nbsp;Disco Lodowisko w Hali Urania w Olsztynie (do 200 os\u00f3b). Zamierzamy je aktywnie wykorzystywa\u0107 na festynach i festiwalach plenerowych, jak i r\u00f3wnie\u017c na imprezach okoliczno\u015bciowych na du\u017c\u0105 skal\u0119.\" \/>\n<meta property=\"og:url\" content=\"https:\/\/eventtech.olsztyn.pl\/?page_id=617\" \/>\n<meta property=\"og:site_name\" content=\"EventTech Olsztyn\" \/>\n<meta property=\"article:publisher\" content=\"https:\/\/www.facebook.com\/eventtech.olsztyn\" \/>\n<meta property=\"article:modified_time\" content=\"2026-03-24T12:17:03+00:00\" \/>\n<meta property=\"og:image\" content=\"https:\/\/eventtech.olsztyn.pl\/wp-content\/uploads\/2026\/03\/619605553_122169189320762749_7165641427678301483_n-e1774353333167.jpg\" \/>\n\t<meta property=\"og:image:width\" content=\"2048\" \/>\n\t<meta property=\"og:image:height\" content=\"1154\" \/>\n\t<meta property=\"og:image:type\" content=\"image\/jpeg\" \/>\n<meta name=\"twitter:card\" content=\"summary_large_image\" \/>\n<meta name=\"twitter:label1\" content=\"Szacowany czas czytania\" \/>\n\t<meta name=\"twitter:data1\" content=\"1 minuta\" \/>\n<script type=\"application\/ld+json\" class=\"yoast-schema-graph\">{\"@context\":\"https:\/\/schema.org\",\"@graph\":[{\"@type\":\"WebPage\",\"@id\":\"https:\/\/eventtech.olsztyn.pl\/?page_id=617\",\"url\":\"https:\/\/eventtech.olsztyn.pl\/?page_id=617\",\"name\":\"Systemy JBL PRX 712 - EventTech Olsztyn\",\"isPartOf\":{\"@id\":\"https:\/\/eventtech.olsztyn.pl\/#website\"},\"primaryImageOfPage\":{\"@id\":\"https:\/\/eventtech.olsztyn.pl\/?page_id=617#primaryimage\"},\"image\":{\"@id\":\"https:\/\/eventtech.olsztyn.pl\/?page_id=617#primaryimage\"},\"thumbnailUrl\":\"https:\/\/eventtech.olsztyn.pl\/wp-content\/uploads\/2026\/03\/619605553_122169189320762749_7165641427678301483_n-e1774353333167-1024x577.jpg\",\"datePublished\":\"2026-03-24T12:13:17+00:00\",\"dateModified\":\"2026-03-24T12:17:03+00:00\",\"breadcrumb\":{\"@id\":\"https:\/\/eventtech.olsztyn.pl\/?page_id=617#breadcrumb\"},\"inLanguage\":\"pl-PL\",\"potentialAction\":[{\"@type\":\"ReadAction\",\"target\":[\"https:\/\/eventtech.olsztyn.pl\/?page_id=617\"]}]},{\"@type\":\"ImageObject\",\"inLanguage\":\"pl-PL\",\"@id\":\"https:\/\/eventtech.olsztyn.pl\/?page_id=617#primaryimage\",\"url\":\"https:\/\/eventtech.olsztyn.pl\/wp-content\/uploads\/2026\/03\/619605553_122169189320762749_7165641427678301483_n-e1774353333167.jpg\",\"contentUrl\":\"https:\/\/eventtech.olsztyn.pl\/wp-content\/uploads\/2026\/03\/619605553_122169189320762749_7165641427678301483_n-e1774353333167.jpg\",\"width\":2048,\"height\":1154},{\"@type\":\"BreadcrumbList\",\"@id\":\"https:\/\/eventtech.olsztyn.pl\/?page_id=617#breadcrumb\",\"itemListElement\":[{\"@type\":\"ListItem\",\"position\":1,\"name\":\"Strona g\u0142\u00f3wna\",\"item\":\"https:\/\/eventtech.olsztyn.pl\/\"},{\"@type\":\"ListItem\",\"position\":2,\"name\":\"Systemy JBL PRX 712\"}]},{\"@type\":\"WebSite\",\"@id\":\"https:\/\/eventtech.olsztyn.pl\/#website\",\"url\":\"https:\/\/eventtech.olsztyn.pl\/\",\"name\":\"EventTech Olsztyn\",\"description\":\"Olsztyn\",\"publisher\":{\"@id\":\"https:\/\/eventtech.olsztyn.pl\/#organization\"},\"potentialAction\":[{\"@type\":\"SearchAction\",\"target\":{\"@type\":\"EntryPoint\",\"urlTemplate\":\"https:\/\/eventtech.olsztyn.pl\/?s={search_term_string}\"},\"query-input\":{\"@type\":\"PropertyValueSpecification\",\"valueRequired\":true,\"valueName\":\"search_term_string\"}}],\"inLanguage\":\"pl-PL\"},{\"@type\":\"Organization\",\"@id\":\"https:\/\/eventtech.olsztyn.pl\/#organization\",\"name\":\"EventTech Olsztyn\",\"url\":\"https:\/\/eventtech.olsztyn.pl\/\",\"logo\":{\"@type\":\"ImageObject\",\"inLanguage\":\"pl-PL\",\"@id\":\"https:\/\/eventtech.olsztyn.pl\/#\/schema\/logo\/image\/\",\"url\":\"https:\/\/eventtech.olsztyn.pl\/wp-content\/uploads\/2025\/09\/EventTech_logo_biale-1.png\",\"contentUrl\":\"https:\/\/eventtech.olsztyn.pl\/wp-content\/uploads\/2025\/09\/EventTech_logo_biale-1.png\",\"width\":1187,\"height\":1187,\"caption\":\"EventTech Olsztyn\"},\"image\":{\"@id\":\"https:\/\/eventtech.olsztyn.pl\/#\/schema\/logo\/image\/\"},\"sameAs\":[\"https:\/\/www.facebook.com\/eventtech.olsztyn\"]}]}<\/script>\n<!-- \/ Yoast SEO plugin. -->","yoast_head_json":{"title":"Systemy JBL PRX 712 - EventTech Olsztyn","robots":{"index":"index","follow":"follow","max-snippet":"max-snippet:-1","max-image-preview":"max-image-preview:large","max-video-preview":"max-video-preview:-1"},"canonical":"https:\/\/eventtech.olsztyn.pl\/?page_id=617","og_locale":"pl_PL","og_type":"article","og_title":"Systemy JBL PRX 712 - EventTech Olsztyn","og_description":"Systemy JBL PRX 712 Nasze najnowsze systemy nag\u0142o\u015bnieniowe od firmy JBL z serii PRX, wykorzystujemy je jako nag\u0142o\u015bnienie Front of House (FOH) na \u015brednich imprezach oraz mo\u017cna je wykorzysta\u0107 jako monitor (MON) lub stref\u0119 na du\u017cych imprezach. Charakteryzuj\u0105 si\u0119 niesamowicie dobr\u0105 skuteczno\u015bci\u0105 jak na 12&#8243; paczk\u0119 &#8211; a\u017c 135dB. Jednak d\u017awi\u0119k przy niskim poziomie g\u0142o\u015bno\u015bci jest r\u00f3wnie przyjemny jak i przy wysokim poziomie. Doskonale sprawdza si\u0119 do muzyki live, DJ-ki i konferansjerki. Wykorzystali\u015bmy je na wydarzeniach takich jak mecze Warmii Energa Olsztyn (do 500 os\u00f3b), czy&nbsp;Disco Lodowisko w Hali Urania w Olsztynie (do 200 os\u00f3b). Zamierzamy je aktywnie wykorzystywa\u0107 na festynach i festiwalach plenerowych, jak i r\u00f3wnie\u017c na imprezach okoliczno\u015bciowych na du\u017c\u0105 skal\u0119.","og_url":"https:\/\/eventtech.olsztyn.pl\/?page_id=617","og_site_name":"EventTech Olsztyn","article_publisher":"https:\/\/www.facebook.com\/eventtech.olsztyn","article_modified_time":"2026-03-24T12:17:03+00:00","og_image":[{"width":2048,"height":1154,"url":"https:\/\/eventtech.olsztyn.pl\/wp-content\/uploads\/2026\/03\/619605553_122169189320762749_7165641427678301483_n-e1774353333167.jpg","type":"image\/jpeg"}],"twitter_card":"summary_large_image","twitter_misc":{"Szacowany czas czytania":"1 minuta"},"schema":{"@context":"https:\/\/schema.org","@graph":[{"@type":"WebPage","@id":"https:\/\/eventtech.olsztyn.pl\/?page_id=617","url":"https:\/\/eventtech.olsztyn.pl\/?page_id=617","name":"Systemy JBL PRX 712 - EventTech Olsztyn","isPartOf":{"@id":"https:\/\/eventtech.olsztyn.pl\/#website"},"primaryImageOfPage":{"@id":"https:\/\/eventtech.olsztyn.pl\/?page_id=617#primaryimage"},"image":{"@id":"https:\/\/eventtech.olsztyn.pl\/?page_id=617#primaryimage"},"thumbnailUrl":"https:\/\/eventtech.olsztyn.pl\/wp-content\/uploads\/2026\/03\/619605553_122169189320762749_7165641427678301483_n-e1774353333167-1024x577.jpg","datePublished":"2026-03-24T12:13:17+00:00","dateModified":"2026-03-24T12:17:03+00:00","breadcrumb":{"@id":"https:\/\/eventtech.olsztyn.pl\/?page_id=617#breadcrumb"},"inLanguage":"pl-PL","potentialAction":[{"@type":"ReadAction","target":["https:\/\/eventtech.olsztyn.pl\/?page_id=617"]}]},{"@type":"ImageObject","inLanguage":"pl-PL","@id":"https:\/\/eventtech.olsztyn.pl\/?page_id=617#primaryimage","url":"https:\/\/eventtech.olsztyn.pl\/wp-content\/uploads\/2026\/03\/619605553_122169189320762749_7165641427678301483_n-e1774353333167.jpg","contentUrl":"https:\/\/eventtech.olsztyn.pl\/wp-content\/uploads\/2026\/03\/619605553_122169189320762749_7165641427678301483_n-e1774353333167.jpg","width":2048,"height":1154},{"@type":"BreadcrumbList","@id":"https:\/\/eventtech.olsztyn.pl\/?page_id=617#breadcrumb","itemListElement":[{"@type":"ListItem","position":1,"name":"Strona g\u0142\u00f3wna","item":"https:\/\/eventtech.olsztyn.pl\/"},{"@type":"ListItem","position":2,"name":"Systemy JBL PRX 712"}]},{"@type":"WebSite","@id":"https:\/\/eventtech.olsztyn.pl\/#website","url":"https:\/\/eventtech.olsztyn.pl\/","name":"EventTech Olsztyn","description":"Olsztyn","publisher":{"@id":"https:\/\/eventtech.olsztyn.pl\/#organization"},"potentialAction":[{"@type":"SearchAction","target":{"@type":"EntryPoint","urlTemplate":"https:\/\/eventtech.olsztyn.pl\/?s={search_term_string}"},"query-input":{"@type":"PropertyValueSpecification","valueRequired":true,"valueName":"search_term_string"}}],"inLanguage":"pl-PL"},{"@type":"Organization","@id":"https:\/\/eventtech.olsztyn.pl\/#organization","name":"EventTech Olsztyn","url":"https:\/\/eventtech.olsztyn.pl\/","logo":{"@type":"ImageObject","inLanguage":"pl-PL","@id":"https:\/\/eventtech.olsztyn.pl\/#\/schema\/logo\/image\/","url":"https:\/\/eventtech.olsztyn.pl\/wp-content\/uploads\/2025\/09\/EventTech_logo_biale-1.png","contentUrl":"https:\/\/eventtech.olsztyn.pl\/wp-content\/uploads\/2025\/09\/EventTech_logo_biale-1.png","width":1187,"height":1187,"caption":"EventTech Olsztyn"},"image":{"@id":"https:\/\/eventtech.olsztyn.pl\/#\/schema\/logo\/image\/"},"sameAs":["https:\/\/www.facebook.com\/eventtech.olsztyn"]}]}},"_links":{"self":[{"href":"https:\/\/eventtech.olsztyn.pl\/index.php?rest_route=\/wp\/v2\/pages\/617","targetHints":{"allow":["GET"]}}],"collection":[{"href":"https:\/\/eventtech.olsztyn.pl\/index.php?rest_route=\/wp\/v2\/pages"}],"about":[{"href":"https:\/\/eventtech.olsztyn.pl\/index.php?rest_route=\/wp\/v2\/types\/page"}],"author":[{"embeddable":true,"href":"https:\/\/eventtech.olsztyn.pl\/index.php?rest_route=\/wp\/v2\/users\/1"}],"replies":[{"embeddable":true,"href":"https:\/\/eventtech.olsztyn.pl\/index.php?rest_route=%2Fwp%2Fv2%2Fcomments&post=617"}],"version-history":[{"count":7,"href":"https:\/\/eventtech.olsztyn.pl\/index.php?rest_route=\/wp\/v2\/pages\/617\/revisions"}],"predecessor-version":[{"id":625,"href":"https:\/\/eventtech.olsztyn.pl\/index.php?rest_route=\/wp\/v2\/pages\/617\/revisions\/625"}],"wp:attachment":[{"href":"https:\/\/eventtech.olsztyn.pl\/index.php?rest_route=%2Fwp%2Fv2%2Fmedia&parent=617"}],"curies":[{"name":"wp","href":"https:\/\/api.w.org\/{rel}","templated":true}]}}